{"id":674,"date":"2025-12-29T17:38:37","date_gmt":"2025-12-29T17:38:37","guid":{"rendered":"https:\/\/utcangola.com\/?page_id=674"},"modified":"2025-12-29T17:41:21","modified_gmt":"2025-12-29T17:41:21","slug":"design-and-construction-of-metal-structures-foundations","status":"publish","type":"page","link":"https:\/\/utcangola.com\/pt\/design-and-construction-of-metal-structures-foundations\/","title":{"rendered":"Projeto e Constru\u00e7\u00e3o de Estruturas Met\u00e1licas e Funda\u00e7\u00f5es"},"content":{"rendered":"<div data-elementor-type=\"wp-page\" data-elementor-id=\"674\" class=\"elementor elementor-674\">\n\t\t\t\t<div class=\"aux-parallax-section elementor-element elementor-element-0e1fab4 e-flex e-con-boxed e-con e-parent\" data-id=\"0e1fab4\" data-element_type=\"container\" data-e-type=\"container\">\n\t\t\t\t\t<div class=\"e-con-inner\">\n\t\t<div class=\"elementor-element elementor-element-90e603e e-con-full e-flex e-con e-child\" data-id=\"90e603e\" data-element_type=\"container\" data-e-type=\"container\">\n\t\t\t\t<div class=\"elementor-element elementor-element-64d4b86 elementor-widget elementor-widget-heading\" data-id=\"64d4b86\" data-element_type=\"widget\" data-e-type=\"widget\" data-widget_type=\"heading.default\">\n\t\t\t\t<div class=\"elementor-widget-container\">\n\t\t\t\t\t<h2 class=\"elementor-heading-title elementor-size-default\">Projeto e Constru\u00e7\u00e3o de Estruturas Met\u00e1licas e Funda\u00e7\u00f5es<\/h2>\t\t\t\t<\/div>\n\t\t\t\t<\/div>\n\t\t\t\t<\/div>\n\t\t\t\t\t<\/div>\n\t\t\t\t<\/div>\n\t\t<div class=\"aux-parallax-section elementor-element elementor-element-b85ba82 e-flex e-con-boxed e-con e-parent\" data-id=\"b85ba82\" data-element_type=\"container\" data-e-type=\"container\">\n\t\t\t\t\t<div class=\"e-con-inner\">\n\t\t\t\t<div class=\"elementor-element elementor-element-fca4f93 elementor-widget elementor-widget-aux-gallery\" data-id=\"fca4f93\" data-element_type=\"widget\" data-e-type=\"widget\" data-widget_type=\"aux-gallery.default\">\n\t\t\t\t<div class=\"elementor-widget-container\">\n\t\t\t\t\t<section class=\"widget-container aux-widget-gallery aux-parent-au35ebcf47\"><div id='aux-gallery-1' class='aux-gallery galleryid-674 gallery-columns-3 aux-lightbox-gallery'><div class=\"aux-gallery-container aux-isotope-animated aux-row aux-de-col3 aux-tb-col2 aux-mb-col1 elementor-clickable aux-no-gutter aux-layout-masonry\"  data-pagination=\"false\" data-lazyload=\"false\" data-perpage=\"24\" data-layout=\"masonry\" data-space=\"22\" >    <figure class=\"gallery-item aux-hover-active aux-iso-item aux-col\">\n            <div class=\"aux-frame-mask-plain aux-frame-ratio\">\n                <a href=\"https:\/\/utcangola.com\/wp-content\/uploads\/2025\/12\/WhatsApp-Image-2025-12-17-at-18.40.21-1.jpeg\" class=\"aux-frame-ratio-inner aux-frame-darken aux-lightbox-btn\" data-elementor-open-lightbox=\"no\" data-original-width=\"1200\" data-original-height=\"1600\" data-caption=\"WhatsApp Image 2025-12-17 at 18.40.21 (1)\">\n                                <div class=\"aux-hover-scale-circle-plus2\">\n                        <span class=\"aux-symbol-plus\"><\/span>\n                        <span class=\"aux-symbol-circle\"><\/span>\n                    <\/div>\n                        <img fetchpriority=\"high\" decoding=\"async\" width=\"300\" height=\"300\" src=\"https:\/\/utcangola.com\/wp-content\/uploads\/2025\/12\/WhatsApp-Image-2025-12-17-at-18.40.21-1-300x300.jpeg\" class=\"aux-attachment aux-featured-image attachment-300x300 aux-attachment-id-676\" alt=\"WhatsApp Image 2025-12-17 at 18.40.21 (1)\" srcset=\"https:\/\/utcangola.com\/wp-content\/uploads\/2025\/12\/WhatsApp-Image-2025-12-17-at-18.40.21-1-150x150.jpeg 150w,https:\/\/utcangola.com\/wp-content\/uploads\/2025\/12\/WhatsApp-Image-2025-12-17-at-18.40.21-1-300x300.jpeg 300w,https:\/\/utcangola.com\/wp-content\/uploads\/2025\/12\/WhatsApp-Image-2025-12-17-at-18.40.21-1-768x768.jpeg 768w,https:\/\/utcangola.com\/wp-content\/uploads\/2025\/12\/WhatsApp-Image-2025-12-17-at-18.40.21-1-1024x1024.jpeg 1024w,https:\/\/utcangola.com\/wp-content\/uploads\/2025\/12\/WhatsApp-Image-2025-12-17-at-18.40.21-1-300x300.jpeg 300w,https:\/\/utcangola.com\/wp-content\/uploads\/2025\/12\/WhatsApp-Image-2025-12-17-at-18.40.21-1-1190x1190.jpeg 1190w\" data-ratio=\"1\" data-original-w=\"1200\" sizes=\"(max-width:767px) 100vw,(min-width:768px) and (max-width:1025px) 50vw,623px\" \/>                <\/a>\n            <\/div>\n                <\/figure>\n    <figure class=\"gallery-item aux-hover-active aux-iso-item aux-col\">\n            <div class=\"aux-frame-mask-plain aux-frame-ratio\">\n                <a href=\"https:\/\/utcangola.com\/wp-content\/uploads\/2025\/12\/WhatsApp-Image-2025-12-17-at-18.40.21-2.jpeg\" class=\"aux-frame-ratio-inner aux-frame-darken aux-lightbox-btn\" data-elementor-open-lightbox=\"no\" data-original-width=\"1200\" data-original-height=\"1600\" data-caption=\"WhatsApp Image 2025-12-17 at 18.40.21 (2)\">\n                                <div class=\"aux-hover-scale-circle-plus2\">\n                        <span class=\"aux-symbol-plus\"><\/span>\n                        <span class=\"aux-symbol-circle\"><\/span>\n                    <\/div>\n                        <img decoding=\"async\" width=\"300\" height=\"300\" src=\"https:\/\/utcangola.com\/wp-content\/uploads\/2025\/12\/WhatsApp-Image-2025-12-17-at-18.40.21-2-300x300.jpeg\" class=\"aux-attachment aux-featured-image attachment-300x300 aux-attachment-id-677\" alt=\"WhatsApp Image 2025-12-17 at 18.40.21 (2)\" srcset=\"https:\/\/utcangola.com\/wp-content\/uploads\/2025\/12\/WhatsApp-Image-2025-12-17-at-18.40.21-2-150x150.jpeg 150w,https:\/\/utcangola.com\/wp-content\/uploads\/2025\/12\/WhatsApp-Image-2025-12-17-at-18.40.21-2-300x300.jpeg 300w,https:\/\/utcangola.com\/wp-content\/uploads\/2025\/12\/WhatsApp-Image-2025-12-17-at-18.40.21-2-768x768.jpeg 768w,https:\/\/utcangola.com\/wp-content\/uploads\/2025\/12\/WhatsApp-Image-2025-12-17-at-18.40.21-2-1024x1024.jpeg 1024w,https:\/\/utcangola.com\/wp-content\/uploads\/2025\/12\/WhatsApp-Image-2025-12-17-at-18.40.21-2-300x300.jpeg 300w,https:\/\/utcangola.com\/wp-content\/uploads\/2025\/12\/WhatsApp-Image-2025-12-17-at-18.40.21-2-1190x1190.jpeg 1190w\" data-ratio=\"1\" data-original-w=\"1200\" sizes=\"(max-width:767px) 100vw,(min-width:768px) and (max-width:1025px) 50vw,623px\" \/>                <\/a>\n            <\/div>\n                <\/figure>\n    <figure class=\"gallery-item aux-hover-active aux-iso-item aux-col\">\n            <div class=\"aux-frame-mask-plain aux-frame-ratio\">\n                <a href=\"https:\/\/utcangola.com\/wp-content\/uploads\/2025\/12\/WhatsApp-Image-2025-12-17-at-18.40.21.jpeg\" class=\"aux-frame-ratio-inner aux-frame-darken aux-lightbox-btn\" data-elementor-open-lightbox=\"no\" data-original-width=\"1200\" data-original-height=\"1600\" data-caption=\"WhatsApp Image 2025-12-17 at 18.40.21\">\n                                <div class=\"aux-hover-scale-circle-plus2\">\n                        <span class=\"aux-symbol-plus\"><\/span>\n                        <span class=\"aux-symbol-circle\"><\/span>\n                    <\/div>\n                        <img decoding=\"async\" width=\"300\" height=\"300\" src=\"https:\/\/utcangola.com\/wp-content\/uploads\/2025\/12\/WhatsApp-Image-2025-12-17-at-18.40.21-300x300.jpeg\" class=\"aux-attachment aux-featured-image attachment-300x300 aux-attachment-id-678\" alt=\"WhatsApp Image 2025-12-17 at 18.40.21\" srcset=\"https:\/\/utcangola.com\/wp-content\/uploads\/2025\/12\/WhatsApp-Image-2025-12-17-at-18.40.21-150x150.jpeg 150w,https:\/\/utcangola.com\/wp-content\/uploads\/2025\/12\/WhatsApp-Image-2025-12-17-at-18.40.21-300x300.jpeg 300w,https:\/\/utcangola.com\/wp-content\/uploads\/2025\/12\/WhatsApp-Image-2025-12-17-at-18.40.21-768x768.jpeg 768w,https:\/\/utcangola.com\/wp-content\/uploads\/2025\/12\/WhatsApp-Image-2025-12-17-at-18.40.21-1024x1024.jpeg 1024w,https:\/\/utcangola.com\/wp-content\/uploads\/2025\/12\/WhatsApp-Image-2025-12-17-at-18.40.21-300x300.jpeg 300w,https:\/\/utcangola.com\/wp-content\/uploads\/2025\/12\/WhatsApp-Image-2025-12-17-at-18.40.21-1190x1190.jpeg 1190w\" data-ratio=\"1\" data-original-w=\"1200\" sizes=\"(max-width:767px) 100vw,(min-width:768px) and (max-width:1025px) 50vw,623px\" \/>                <\/a>\n            <\/div>\n                <\/figure>\n    <figure class=\"gallery-item aux-hover-active aux-iso-item aux-col\">\n            <div class=\"aux-frame-mask-plain aux-frame-ratio\">\n                <a href=\"https:\/\/utcangola.com\/wp-content\/uploads\/2025\/12\/WhatsApp-Image-2025-12-17-at-18.40.22-1.jpeg\" class=\"aux-frame-ratio-inner aux-frame-darken aux-lightbox-btn\" data-elementor-open-lightbox=\"no\" data-original-width=\"1200\" data-original-height=\"1600\" data-caption=\"WhatsApp Image 2025-12-17 at 18.40.22 (1)\">\n                                <div class=\"aux-hover-scale-circle-plus2\">\n                        <span class=\"aux-symbol-plus\"><\/span>\n                        <span class=\"aux-symbol-circle\"><\/span>\n                    <\/div>\n                        <img loading=\"lazy\" decoding=\"async\" width=\"300\" height=\"300\" src=\"https:\/\/utcangola.com\/wp-content\/uploads\/2025\/12\/WhatsApp-Image-2025-12-17-at-18.40.22-1-300x300.jpeg\" class=\"aux-attachment aux-featured-image attachment-300x300 aux-attachment-id-679\" alt=\"WhatsApp Image 2025-12-17 at 18.40.22 (1)\" srcset=\"https:\/\/utcangola.com\/wp-content\/uploads\/2025\/12\/WhatsApp-Image-2025-12-17-at-18.40.22-1-150x150.jpeg 150w,https:\/\/utcangola.com\/wp-content\/uploads\/2025\/12\/WhatsApp-Image-2025-12-17-at-18.40.22-1-300x300.jpeg 300w,https:\/\/utcangola.com\/wp-content\/uploads\/2025\/12\/WhatsApp-Image-2025-12-17-at-18.40.22-1-768x768.jpeg 768w,https:\/\/utcangola.com\/wp-content\/uploads\/2025\/12\/WhatsApp-Image-2025-12-17-at-18.40.22-1-1024x1024.jpeg 1024w,https:\/\/utcangola.com\/wp-content\/uploads\/2025\/12\/WhatsApp-Image-2025-12-17-at-18.40.22-1-300x300.jpeg 300w,https:\/\/utcangola.com\/wp-content\/uploads\/2025\/12\/WhatsApp-Image-2025-12-17-at-18.40.22-1-1190x1190.jpeg 1190w\" data-ratio=\"1\" data-original-w=\"1200\" sizes=\"(max-width:767px) 100vw,(min-width:768px) and (max-width:1025px) 50vw,623px\" \/>                <\/a>\n            <\/div>\n                <\/figure>\n    <figure class=\"gallery-item aux-hover-active aux-iso-item aux-col\">\n            <div class=\"aux-frame-mask-plain aux-frame-ratio\">\n                <a href=\"https:\/\/utcangola.com\/wp-content\/uploads\/2025\/12\/WhatsApp-Image-2025-12-17-at-18.40.22-2.jpeg\" class=\"aux-frame-ratio-inner aux-frame-darken aux-lightbox-btn\" data-elementor-open-lightbox=\"no\" data-original-width=\"1200\" data-original-height=\"1600\" data-caption=\"WhatsApp Image 2025-12-17 at 18.40.22 (2)\">\n                                <div class=\"aux-hover-scale-circle-plus2\">\n                        <span class=\"aux-symbol-plus\"><\/span>\n                        <span class=\"aux-symbol-circle\"><\/span>\n                    <\/div>\n                        <img loading=\"lazy\" decoding=\"async\" width=\"300\" height=\"300\" src=\"https:\/\/utcangola.com\/wp-content\/uploads\/2025\/12\/WhatsApp-Image-2025-12-17-at-18.40.22-2-300x300.jpeg\" class=\"aux-attachment aux-featured-image attachment-300x300 aux-attachment-id-681\" alt=\"WhatsApp Image 2025-12-17 at 18.40.22 (2)\" srcset=\"https:\/\/utcangola.com\/wp-content\/uploads\/2025\/12\/WhatsApp-Image-2025-12-17-at-18.40.22-2-150x150.jpeg 150w,https:\/\/utcangola.com\/wp-content\/uploads\/2025\/12\/WhatsApp-Image-2025-12-17-at-18.40.22-2-300x300.jpeg 300w,https:\/\/utcangola.com\/wp-content\/uploads\/2025\/12\/WhatsApp-Image-2025-12-17-at-18.40.22-2-768x768.jpeg 768w,https:\/\/utcangola.com\/wp-content\/uploads\/2025\/12\/WhatsApp-Image-2025-12-17-at-18.40.22-2-1024x1024.jpeg 1024w,https:\/\/utcangola.com\/wp-content\/uploads\/2025\/12\/WhatsApp-Image-2025-12-17-at-18.40.22-2-300x300.jpeg 300w,https:\/\/utcangola.com\/wp-content\/uploads\/2025\/12\/WhatsApp-Image-2025-12-17-at-18.40.22-2-1190x1190.jpeg 1190w\" data-ratio=\"1\" data-original-w=\"1200\" sizes=\"(max-width:767px) 100vw,(min-width:768px) and (max-width:1025px) 50vw,623px\" \/>                <\/a>\n            <\/div>\n                <\/figure>\n    <figure class=\"gallery-item aux-hover-active aux-iso-item aux-col\">\n            <div class=\"aux-frame-mask-plain aux-frame-ratio\">\n                <a href=\"https:\/\/utcangola.com\/wp-content\/uploads\/2025\/12\/WhatsApp-Image-2025-12-17-at-18.40.22.jpeg\" class=\"aux-frame-ratio-inner aux-frame-darken aux-lightbox-btn\" data-elementor-open-lightbox=\"no\" data-original-width=\"1200\" data-original-height=\"1600\" data-caption=\"WhatsApp Image 2025-12-17 at 18.40.22\">\n                                <div class=\"aux-hover-scale-circle-plus2\">\n                        <span class=\"aux-symbol-plus\"><\/span>\n                        <span class=\"aux-symbol-circle\"><\/span>\n                    <\/div>\n                        <img loading=\"lazy\" decoding=\"async\" width=\"300\" height=\"300\" src=\"https:\/\/utcangola.com\/wp-content\/uploads\/2025\/12\/WhatsApp-Image-2025-12-17-at-18.40.22-300x300.jpeg\" class=\"aux-attachment aux-featured-image attachment-300x300 aux-attachment-id-682\" alt=\"WhatsApp Image 2025-12-17 at 18.40.22\" srcset=\"https:\/\/utcangola.com\/wp-content\/uploads\/2025\/12\/WhatsApp-Image-2025-12-17-at-18.40.22-150x150.jpeg 150w,https:\/\/utcangola.com\/wp-content\/uploads\/2025\/12\/WhatsApp-Image-2025-12-17-at-18.40.22-300x300.jpeg 300w,https:\/\/utcangola.com\/wp-content\/uploads\/2025\/12\/WhatsApp-Image-2025-12-17-at-18.40.22-768x768.jpeg 768w,https:\/\/utcangola.com\/wp-content\/uploads\/2025\/12\/WhatsApp-Image-2025-12-17-at-18.40.22-1024x1024.jpeg 1024w,https:\/\/utcangola.com\/wp-content\/uploads\/2025\/12\/WhatsApp-Image-2025-12-17-at-18.40.22-300x300.jpeg 300w,https:\/\/utcangola.com\/wp-content\/uploads\/2025\/12\/WhatsApp-Image-2025-12-17-at-18.40.22-1190x1190.jpeg 1190w\" data-ratio=\"1\" data-original-w=\"1200\" sizes=\"(max-width:767px) 100vw,(min-width:768px) and (max-width:1025px) 50vw,623px\" \/>                <\/a>\n            <\/div>\n                <\/figure>\n    <figure class=\"gallery-item aux-hover-active aux-iso-item aux-col\">\n            <div class=\"aux-frame-mask-plain aux-frame-ratio\">\n                <a href=\"https:\/\/utcangola.com\/wp-content\/uploads\/2025\/12\/WhatsApp-Image-2025-12-17-at-18.40.23-1.jpeg\" class=\"aux-frame-ratio-inner aux-frame-darken aux-lightbox-btn\" data-elementor-open-lightbox=\"no\" data-original-width=\"1200\" data-original-height=\"1600\" data-caption=\"WhatsApp Image 2025-12-17 at 18.40.23 (1)\">\n                                <div class=\"aux-hover-scale-circle-plus2\">\n                        <span class=\"aux-symbol-plus\"><\/span>\n                        <span class=\"aux-symbol-circle\"><\/span>\n                    <\/div>\n                        <img loading=\"lazy\" decoding=\"async\" width=\"300\" height=\"300\" src=\"https:\/\/utcangola.com\/wp-content\/uploads\/2025\/12\/WhatsApp-Image-2025-12-17-at-18.40.23-1-300x300.jpeg\" class=\"aux-attachment aux-featured-image attachment-300x300 aux-attachment-id-683\" alt=\"WhatsApp Image 2025-12-17 at 18.40.23 (1)\" srcset=\"https:\/\/utcangola.com\/wp-content\/uploads\/2025\/12\/WhatsApp-Image-2025-12-17-at-18.40.23-1-150x150.jpeg 150w,https:\/\/utcangola.com\/wp-content\/uploads\/2025\/12\/WhatsApp-Image-2025-12-17-at-18.40.23-1-300x300.jpeg 300w,https:\/\/utcangola.com\/wp-content\/uploads\/2025\/12\/WhatsApp-Image-2025-12-17-at-18.40.23-1-768x768.jpeg 768w,https:\/\/utcangola.com\/wp-content\/uploads\/2025\/12\/WhatsApp-Image-2025-12-17-at-18.40.23-1-1024x1024.jpeg 1024w,https:\/\/utcangola.com\/wp-content\/uploads\/2025\/12\/WhatsApp-Image-2025-12-17-at-18.40.23-1-300x300.jpeg 300w,https:\/\/utcangola.com\/wp-content\/uploads\/2025\/12\/WhatsApp-Image-2025-12-17-at-18.40.23-1-1190x1190.jpeg 1190w\" data-ratio=\"1\" data-original-w=\"1200\" sizes=\"(max-width:767px) 100vw,(min-width:768px) and (max-width:1025px) 50vw,623px\" \/>                <\/a>\n            <\/div>\n                <\/figure>\n    <figure class=\"gallery-item aux-hover-active aux-iso-item aux-col\">\n            <div class=\"aux-frame-mask-plain aux-frame-ratio\">\n                <a href=\"https:\/\/utcangola.com\/wp-content\/uploads\/2025\/12\/WhatsApp-Image-2025-12-17-at-18.40.23.jpeg\" class=\"aux-frame-ratio-inner aux-frame-darken aux-lightbox-btn\" data-elementor-open-lightbox=\"no\" data-original-width=\"1200\" data-original-height=\"1600\" data-caption=\"WhatsApp Image 2025-12-17 at 18.40.23\">\n                                <div class=\"aux-hover-scale-circle-plus2\">\n                        <span class=\"aux-symbol-plus\"><\/span>\n                        <span class=\"aux-symbol-circle\"><\/span>\n                    <\/div>\n                        <img loading=\"lazy\" decoding=\"async\" width=\"300\" height=\"300\" src=\"https:\/\/utcangola.com\/wp-content\/uploads\/2025\/12\/WhatsApp-Image-2025-12-17-at-18.40.23-300x300.jpeg\" class=\"aux-attachment aux-featured-image attachment-300x300 aux-attachment-id-684\" alt=\"WhatsApp Image 2025-12-17 at 18.40.23\" srcset=\"https:\/\/utcangola.com\/wp-content\/uploads\/2025\/12\/WhatsApp-Image-2025-12-17-at-18.40.23-150x150.jpeg 150w,https:\/\/utcangola.com\/wp-content\/uploads\/2025\/12\/WhatsApp-Image-2025-12-17-at-18.40.23-300x300.jpeg 300w,https:\/\/utcangola.com\/wp-content\/uploads\/2025\/12\/WhatsApp-Image-2025-12-17-at-18.40.23-768x768.jpeg 768w,https:\/\/utcangola.com\/wp-content\/uploads\/2025\/12\/WhatsApp-Image-2025-12-17-at-18.40.23-1024x1024.jpeg 1024w,https:\/\/utcangola.com\/wp-content\/uploads\/2025\/12\/WhatsApp-Image-2025-12-17-at-18.40.23-300x300.jpeg 300w,https:\/\/utcangola.com\/wp-content\/uploads\/2025\/12\/WhatsApp-Image-2025-12-17-at-18.40.23-1190x1190.jpeg 1190w\" data-ratio=\"1\" data-original-w=\"1200\" sizes=\"(max-width:767px) 100vw,(min-width:768px) and (max-width:1025px) 50vw,623px\" \/>                <\/a>\n            <\/div>\n                <\/figure>\n    <figure class=\"gallery-item aux-hover-active aux-iso-item aux-col\">\n            <div class=\"aux-frame-mask-plain aux-frame-ratio\">\n                <a href=\"https:\/\/utcangola.com\/wp-content\/uploads\/2025\/12\/WhatsApp-Image-2025-12-17-at-18.41.15.jpeg\" class=\"aux-frame-ratio-inner aux-frame-darken aux-lightbox-btn\" data-elementor-open-lightbox=\"no\" data-original-width=\"900\" data-original-height=\"1600\" data-caption=\"WhatsApp Image 2025-12-17 at 18.41.15\">\n                                <div class=\"aux-hover-scale-circle-plus2\">\n                        <span class=\"aux-symbol-plus\"><\/span>\n                        <span class=\"aux-symbol-circle\"><\/span>\n                    <\/div>\n                        <img loading=\"lazy\" decoding=\"async\" width=\"300\" height=\"300\" src=\"https:\/\/utcangola.com\/wp-content\/uploads\/2025\/12\/WhatsApp-Image-2025-12-17-at-18.41.15-300x300.jpeg\" class=\"aux-attachment aux-featured-image attachment-300x300 aux-attachment-id-685\" alt=\"WhatsApp Image 2025-12-17 at 18.41.15\" srcset=\"https:\/\/utcangola.com\/wp-content\/uploads\/2025\/12\/WhatsApp-Image-2025-12-17-at-18.41.15-150x150.jpeg 150w,https:\/\/utcangola.com\/wp-content\/uploads\/2025\/12\/WhatsApp-Image-2025-12-17-at-18.41.15-300x300.jpeg 300w,https:\/\/utcangola.com\/wp-content\/uploads\/2025\/12\/WhatsApp-Image-2025-12-17-at-18.41.15-768x768.jpeg 768w,https:\/\/utcangola.com\/wp-content\/uploads\/2025\/12\/WhatsApp-Image-2025-12-17-at-18.41.15-300x300.jpeg 300w,https:\/\/utcangola.com\/wp-content\/uploads\/2025\/12\/WhatsApp-Image-2025-12-17-at-18.41.15-890x890.jpeg 890w\" data-ratio=\"1\" data-original-w=\"900\" sizes=\"(max-width:767px) 100vw,(min-width:768px) and (max-width:1025px) 50vw,623px\" \/>                <\/a>\n            <\/div>\n                <\/figure>\n<\/div><\/div><\/section><!-- widget-container --><style>.aux-parent-au35ebcf47 .aux-frame-ratio { padding-bottom:75% }<\/style>\t\t\t\t<\/div>\n\t\t\t\t<\/div>\n\t\t\t\t\t<\/div>\n\t\t\t\t<\/div>\n\t\t\t\t<\/div>","protected":false},"excerpt":{"rendered":"<p>Projeto e Constru\u00e7\u00e3o de Estruturas Met\u00e1licas e Funda\u00e7\u00f5es<\/p>","protected":false},"author":1,"featured_media":0,"parent":0,"menu_order":0,"comment_status":"closed","ping_status":"closed","template":"templates\/page-builder-content.php","meta":{"footnotes":""},"class_list":["post-674","page","type-page","status-publish","hentry"],"_links":{"self":[{"href":"https:\/\/utcangola.com\/pt\/wp-json\/wp\/v2\/pages\/674","targetHints":{"allow":["GET"]}}],"collection":[{"href":"https:\/\/utcangola.com\/pt\/wp-json\/wp\/v2\/pages"}],"about":[{"href":"https:\/\/utcangola.com\/pt\/wp-json\/wp\/v2\/types\/page"}],"author":[{"embeddable":true,"href":"https:\/\/utcangola.com\/pt\/wp-json\/wp\/v2\/users\/1"}],"replies":[{"embeddable":true,"href":"https:\/\/utcangola.com\/pt\/wp-json\/wp\/v2\/comments?post=674"}],"version-history":[{"count":4,"href":"https:\/\/utcangola.com\/pt\/wp-json\/wp\/v2\/pages\/674\/revisions"}],"predecessor-version":[{"id":688,"href":"https:\/\/utcangola.com\/pt\/wp-json\/wp\/v2\/pages\/674\/revisions\/688"}],"wp:attachment":[{"href":"https:\/\/utcangola.com\/pt\/wp-json\/wp\/v2\/media?parent=674"}],"curies":[{"name":"wp","href":"https:\/\/api.w.org\/{rel}","templated":true}]}}