{"id":63,"date":"2020-10-14T09:28:28","date_gmt":"2020-10-14T09:28:28","guid":{"rendered":"https:\/\/utcangola.com\/services\/"},"modified":"2025-12-26T20:48:16","modified_gmt":"2025-12-26T20:48:16","slug":"construction_services","status":"publish","type":"page","link":"https:\/\/utcangola.com\/pt\/construction_services\/","title":{"rendered":"Servi\u00e7os de Constru\u00e7\u00e3o"},"content":{"rendered":"<div data-elementor-type=\"wp-page\" data-elementor-id=\"63\" class=\"elementor elementor-63\">\n\t\t\t\t<div class=\"aux-parallax-section elementor-element elementor-element-0e1fab4 e-flex e-con-boxed e-con e-parent\" data-id=\"0e1fab4\" data-element_type=\"container\" data-e-type=\"container\">\n\t\t\t\t\t<div class=\"e-con-inner\">\n\t\t<div class=\"elementor-element elementor-element-90e603e e-con-full e-flex e-con e-child\" data-id=\"90e603e\" data-element_type=\"container\" data-e-type=\"container\">\n\t\t\t\t<div class=\"elementor-element elementor-element-64d4b86 elementor-widget elementor-widget-heading\" data-id=\"64d4b86\" data-element_type=\"widget\" data-e-type=\"widget\" data-widget_type=\"heading.default\">\n\t\t\t\t<div class=\"elementor-widget-container\">\n\t\t\t\t\t<h2 class=\"elementor-heading-title elementor-size-default\">Servi\u00e7os de Constru\u00e7\u00e3o<\/h2>\t\t\t\t<\/div>\n\t\t\t\t<\/div>\n\t\t\t\t<\/div>\n\t\t\t\t\t<\/div>\n\t\t\t\t<\/div>\n\t\t<div class=\"aux-parallax-section elementor-element elementor-element-6bd4154 e-flex e-con-boxed e-con e-parent\" data-id=\"6bd4154\" data-element_type=\"container\" data-e-type=\"container\">\n\t\t\t\t\t<div class=\"e-con-inner\">\n\t\t<div class=\"elementor-element elementor-element-c04f479 e-con-full e-flex e-con e-child\" data-id=\"c04f479\" data-element_type=\"container\" data-e-type=\"container\">\n\t\t\t\t<div class=\"elementor-element elementor-element-7fd5db9 elementor-widget elementor-widget-heading\" data-id=\"7fd5db9\" data-element_type=\"widget\" data-e-type=\"widget\" data-widget_type=\"heading.default\">\n\t\t\t\t<div class=\"elementor-widget-container\">\n\t\t\t\t\t<h2 class=\"elementor-heading-title elementor-size-default\">Obras Civis e Estruturais<\/h2>\t\t\t\t<\/div>\n\t\t\t\t<\/div>\n\t\t\t\t<div class=\"elementor-element elementor-element-9737fe9 elementor-widget elementor-widget-text-editor\" data-id=\"9737fe9\" data-element_type=\"widget\" data-e-type=\"widget\" data-widget_type=\"text-editor.default\">\n\t\t\t\t<div class=\"elementor-widget-container\">\n\t\t\t\t\t\t\t\t\t<p data-start=\"95\" data-end=\"364\">Oferecemos servi\u00e7os completos de constru\u00e7\u00e3o civil e estrutural, abrangendo funda\u00e7\u00f5es, estruturas de concreto armado e elementos de sustenta\u00e7\u00e3o. Nosso trabalho garante resist\u00eancia, seguran\u00e7a e durabilidade a longo prazo, executado de acordo com as normas de engenharia, desenhos t\u00e9cnicos e especifica\u00e7\u00f5es do projeto.<\/p>\t\t\t\t\t\t\t\t<\/div>\n\t\t\t\t<\/div>\n\t\t\t\t<div class=\"elementor-element elementor-element-4e88788 elementor-hidden-desktop elementor-widget-divider--view-line elementor-widget elementor-widget-divider\" data-id=\"4e88788\" data-element_type=\"widget\" data-e-type=\"widget\" data-widget_type=\"divider.default\">\n\t\t\t\t<div class=\"elementor-widget-container\">\n\t\t\t\t\t\t\t<div class=\"elementor-divider\">\n\t\t\t<span class=\"elementor-divider-separator\">\n\t\t\t\t\t\t<\/span>\n\t\t<\/div>\n\t\t\t\t\t\t<\/div>\n\t\t\t\t<\/div>\n\t\t\t\t<\/div>\n\t\t<div class=\"elementor-element elementor-element-904cd63 e-con-full e-flex e-con e-child\" data-id=\"904cd63\" data-element_type=\"container\" data-e-type=\"container\">\n\t\t\t\t<div class=\"elementor-element elementor-element-e5b5c22 elementor-widget elementor-widget-image\" data-id=\"e5b5c22\" data-element_type=\"widget\" data-e-type=\"widget\" data-widget_type=\"image.default\">\n\t\t\t\t<div class=\"elementor-widget-container\">\n\t\t\t\t\t\t\t\t\t\t\t\t\t\t\t<img fetchpriority=\"high\" decoding=\"async\" width=\"1010\" height=\"900\" src=\"https:\/\/utcangola.com\/wp-content\/uploads\/2025\/12\/test-utc-company-profile-9.jpg\" class=\"attachment-large size-large wp-image-526\" alt=\"\" \/>\t\t\t\t\t\t\t\t\t\t\t\t\t\t\t<\/div>\n\t\t\t\t<\/div>\n\t\t\t\t<\/div>\n\t\t\t\t\t<\/div>\n\t\t\t\t<\/div>\n\t\t<div class=\"aux-parallax-section elementor-element elementor-element-b03a4fe e-flex e-con-boxed e-con e-parent\" data-id=\"b03a4fe\" data-element_type=\"container\" data-e-type=\"container\">\n\t\t\t\t\t<div class=\"e-con-inner\">\n\t\t<div class=\"elementor-element elementor-element-e298f95 e-con-full e-flex e-con e-child\" data-id=\"e298f95\" data-element_type=\"container\" data-e-type=\"container\">\n\t\t\t\t<div class=\"elementor-element elementor-element-3ce4e12 elementor-hidden-mobile elementor-widget-divider--view-line elementor-widget elementor-widget-divider\" data-id=\"3ce4e12\" data-element_type=\"widget\" data-e-type=\"widget\" data-widget_type=\"divider.default\">\n\t\t\t\t<div class=\"elementor-widget-container\">\n\t\t\t\t\t\t\t<div class=\"elementor-divider\">\n\t\t\t<span class=\"elementor-divider-separator\">\n\t\t\t\t\t\t<\/span>\n\t\t<\/div>\n\t\t\t\t\t\t<\/div>\n\t\t\t\t<\/div>\n\t\t\t\t<div class=\"elementor-element elementor-element-1134b88 elementor-widget elementor-widget-heading\" data-id=\"1134b88\" data-element_type=\"widget\" data-e-type=\"widget\" data-widget_type=\"heading.default\">\n\t\t\t\t<div class=\"elementor-widget-container\">\n\t\t\t\t\t<h2 class=\"elementor-heading-title elementor-size-default\">Constru\u00e7\u00e3o de Escolas e Fornecimento de Equipamentos Educacionais<\/h2>\t\t\t\t<\/div>\n\t\t\t\t<\/div>\n\t\t\t\t<div class=\"elementor-element elementor-element-5db7bf5 elementor-widget elementor-widget-text-editor\" data-id=\"5db7bf5\" data-element_type=\"widget\" data-e-type=\"widget\" data-widget_type=\"text-editor.default\">\n\t\t\t\t<div class=\"elementor-widget-container\">\n\t\t\t\t\t\t\t\t\t<p data-start=\"95\" data-end=\"364\">A TC Angola fornece solu\u00e7\u00f5es integradas para a constru\u00e7\u00e3o, renova\u00e7\u00e3o e equipagem de escolas e institui\u00e7\u00f5es de ensino <br \/>Our services include turnkey school construction, classroom and laboratory development, educational furniture supply, teaching equipment, MEP and safety systems installation, and playground and outdoor facilities. We focus on creating safe, durable, and functional learning environments that comply with regulatory standards and support long-term educational needs.<\/p>\t\t\t\t\t\t\t\t<\/div>\n\t\t\t\t<\/div>\n\t\t\t\t<div class=\"elementor-element elementor-element-8707acb elementor-widget elementor-widget-image\" data-id=\"8707acb\" data-element_type=\"widget\" data-e-type=\"widget\" data-widget_type=\"image.default\">\n\t\t\t\t<div class=\"elementor-widget-container\">\n\t\t\t\t\t\t\t\t\t\t\t\t\t\t\t<img decoding=\"async\" width=\"1650\" height=\"927\" src=\"https:\/\/utcangola.com\/wp-content\/uploads\/2025\/12\/utc-company-profile-10.jpg\" class=\"attachment-full size-full wp-image-531\" alt=\"\" srcset=\"https:\/\/utcangola.com\/wp-content\/uploads\/2025\/12\/utc-company-profile-10.jpg 1650w, https:\/\/utcangola.com\/wp-content\/uploads\/2025\/12\/utc-company-profile-10-1536x863.jpg 1536w, https:\/\/utcangola.com\/wp-content\/uploads\/2025\/12\/utc-company-profile-10-18x10.jpg 18w, https:\/\/utcangola.com\/wp-content\/uploads\/2025\/12\/utc-company-profile-10-200x112.jpg 200w\" sizes=\"(max-width: 1650px) 100vw, 1650px\" \/>\t\t\t\t\t\t\t\t\t\t\t\t\t\t\t<\/div>\n\t\t\t\t<\/div>\n\t\t\t\t<div class=\"elementor-element elementor-element-1d36b34 elementor-widget-divider--view-line elementor-widget elementor-widget-divider\" data-id=\"1d36b34\" data-element_type=\"widget\" data-e-type=\"widget\" data-widget_type=\"divider.default\">\n\t\t\t\t<div class=\"elementor-widget-container\">\n\t\t\t\t\t\t\t<div class=\"elementor-divider\">\n\t\t\t<span class=\"elementor-divider-separator\">\n\t\t\t\t\t\t<\/span>\n\t\t<\/div>\n\t\t\t\t\t\t<\/div>\n\t\t\t\t<\/div>\n\t\t\t\t<\/div>\n\t\t\t\t\t<\/div>\n\t\t\t\t<\/div>\n\t\t<div class=\"aux-parallax-section elementor-element elementor-element-8accc75 e-flex e-con-boxed e-con e-parent\" data-id=\"8accc75\" data-element_type=\"container\" data-e-type=\"container\">\n\t\t\t\t\t<div class=\"e-con-inner\">\n\t\t<div class=\"elementor-element elementor-element-f0353bf e-con-full e-flex e-con e-child\" data-id=\"f0353bf\" data-element_type=\"container\" data-e-type=\"container\">\n\t\t\t\t<div class=\"elementor-element elementor-element-a3b53fb elementor-widget elementor-widget-heading\" data-id=\"a3b53fb\" data-element_type=\"widget\" data-e-type=\"widget\" data-widget_type=\"heading.default\">\n\t\t\t\t<div class=\"elementor-widget-container\">\n\t\t\t\t\t<h2 class=\"elementor-heading-title elementor-size-default\">Trabalhos em A\u00e7o e Solu\u00e7\u00f5es Estruturais<\/h2>\t\t\t\t<\/div>\n\t\t\t\t<\/div>\n\t\t\t\t<div class=\"elementor-element elementor-element-0457faa elementor-widget elementor-widget-text-editor\" data-id=\"0457faa\" data-element_type=\"widget\" data-e-type=\"widget\" data-widget_type=\"text-editor.default\">\n\t\t\t\t<div class=\"elementor-widget-container\">\n\t\t\t\t\t\t\t\t\t<p data-start=\"95\" data-end=\"364\">A UTC Angola oferece servi\u00e7os completos de fabrica\u00e7\u00e3o e montagem de a\u00e7o para projetos comerciais, industriais e de infraestrutura. Nossas solu\u00e7\u00f5es englobam fabrica\u00e7\u00e3o de precis\u00e3o, controle de qualidade e instala\u00e7\u00e3o no local, garantindo resist\u00eancia estrutural, seguran\u00e7a e desempenho a longo prazo.<\/p>\t\t\t\t\t\t\t\t<\/div>\n\t\t\t\t<\/div>\n\t\t\t\t<div class=\"elementor-element elementor-element-7ffdbbb elementor-hidden-desktop elementor-widget-divider--view-line elementor-widget elementor-widget-divider\" data-id=\"7ffdbbb\" data-element_type=\"widget\" data-e-type=\"widget\" data-widget_type=\"divider.default\">\n\t\t\t\t<div class=\"elementor-widget-container\">\n\t\t\t\t\t\t\t<div class=\"elementor-divider\">\n\t\t\t<span class=\"elementor-divider-separator\">\n\t\t\t\t\t\t<\/span>\n\t\t<\/div>\n\t\t\t\t\t\t<\/div>\n\t\t\t\t<\/div>\n\t\t\t\t<\/div>\n\t\t<div class=\"elementor-element elementor-element-2e06c4a e-con-full e-flex e-con e-child\" data-id=\"2e06c4a\" data-element_type=\"container\" data-e-type=\"container\">\n\t\t\t\t<div class=\"elementor-element elementor-element-5bc05b4 elementor-widget elementor-widget-image\" data-id=\"5bc05b4\" data-element_type=\"widget\" data-e-type=\"widget\" data-widget_type=\"image.default\">\n\t\t\t\t<div class=\"elementor-widget-container\">\n\t\t\t\t\t\t\t\t\t\t\t\t\t\t\t<img decoding=\"async\" width=\"1024\" height=\"1024\" src=\"https:\/\/utcangola.com\/wp-content\/uploads\/2025\/12\/steel-work-1-1024x1024.jpg\" class=\"attachment-large size-large wp-image-371\" alt=\"\" srcset=\"https:\/\/utcangola.com\/wp-content\/uploads\/2025\/12\/steel-work-1-1024x1024.jpg 1024w, https:\/\/utcangola.com\/wp-content\/uploads\/2025\/12\/steel-work-1-300x300.jpg 300w, https:\/\/utcangola.com\/wp-content\/uploads\/2025\/12\/steel-work-1-150x150.jpg 150w, https:\/\/utcangola.com\/wp-content\/uploads\/2025\/12\/steel-work-1-768x768.jpg 768w\" sizes=\"(max-width: 1024px) 100vw, 1024px\" \/>\t\t\t\t\t\t\t\t\t\t\t\t\t\t\t<\/div>\n\t\t\t\t<\/div>\n\t\t\t\t<\/div>\n\t\t\t\t\t<\/div>\n\t\t\t\t<\/div>\n\t\t<div class=\"aux-parallax-section elementor-element elementor-element-a87496d e-flex e-con-boxed e-con e-parent\" data-id=\"a87496d\" data-element_type=\"container\" data-e-type=\"container\">\n\t\t\t\t\t<div class=\"e-con-inner\">\n\t\t<div class=\"elementor-element elementor-element-66a5971 e-con-full e-flex e-con e-child\" data-id=\"66a5971\" data-element_type=\"container\" data-e-type=\"container\">\n\t\t\t\t<div class=\"elementor-element elementor-element-99b5bea elementor-hidden-mobile elementor-widget-divider--view-line elementor-widget elementor-widget-divider\" data-id=\"99b5bea\" data-element_type=\"widget\" data-e-type=\"widget\" data-widget_type=\"divider.default\">\n\t\t\t\t<div class=\"elementor-widget-container\">\n\t\t\t\t\t\t\t<div class=\"elementor-divider\">\n\t\t\t<span class=\"elementor-divider-separator\">\n\t\t\t\t\t\t<\/span>\n\t\t<\/div>\n\t\t\t\t\t\t<\/div>\n\t\t\t\t<\/div>\n\t\t\t\t<div class=\"elementor-element elementor-element-a95796a elementor-widget elementor-widget-heading\" data-id=\"a95796a\" data-element_type=\"widget\" data-e-type=\"widget\" data-widget_type=\"heading.default\">\n\t\t\t\t<div class=\"elementor-widget-container\">\n\t\t\t\t\t<h2 class=\"elementor-heading-title elementor-size-default\">MEP (Mec\u00e2nica, El\u00e9trica e Hidr\u00e1ulica)<\/h2>\t\t\t\t<\/div>\n\t\t\t\t<\/div>\n\t\t\t\t<div class=\"elementor-element elementor-element-07938c6 elementor-widget elementor-widget-text-editor\" data-id=\"07938c6\" data-element_type=\"widget\" data-e-type=\"widget\" data-widget_type=\"text-editor.default\">\n\t\t\t\t<div class=\"elementor-widget-container\">\n\t\t\t\t\t\t\t\t\t<p data-start=\"95\" data-end=\"364\">Oferecemos solu\u00e7\u00f5es MEP totalmente integradas, incluindo coordena\u00e7\u00e3o de projetos, fornecimento, instala\u00e7\u00e3o, testes e comissionamento. <br \/>Nossos servi\u00e7os garantem sistemas de HVAC eficientes, infraestrutura el\u00e9trica confi\u00e1vel e redes de encanamento dur\u00e1veis, em conformidade com os padr\u00f5es internacionais.<\/p>\t\t\t\t\t\t\t\t<\/div>\n\t\t\t\t<\/div>\n\t\t\t\t<div class=\"elementor-element elementor-element-cd2c68c elementor-widget elementor-widget-image\" data-id=\"cd2c68c\" data-element_type=\"widget\" data-e-type=\"widget\" data-widget_type=\"image.default\">\n\t\t\t\t<div class=\"elementor-widget-container\">\n\t\t\t\t\t\t\t\t\t\t\t\t\t\t\t<img loading=\"lazy\" decoding=\"async\" width=\"1650\" height=\"767\" src=\"https:\/\/utcangola.com\/wp-content\/uploads\/2025\/12\/utc-company-profile-24-2.jpg\" class=\"attachment-full size-full wp-image-376\" alt=\"\" srcset=\"https:\/\/utcangola.com\/wp-content\/uploads\/2025\/12\/utc-company-profile-24-2.jpg 1650w, https:\/\/utcangola.com\/wp-content\/uploads\/2025\/12\/utc-company-profile-24-2-1536x714.jpg 1536w, https:\/\/utcangola.com\/wp-content\/uploads\/2025\/12\/utc-company-profile-24-2-200x93.jpg 200w\" sizes=\"(max-width: 1650px) 100vw, 1650px\" \/>\t\t\t\t\t\t\t\t\t\t\t\t\t\t\t<\/div>\n\t\t\t\t<\/div>\n\t\t\t\t<div class=\"elementor-element elementor-element-bbcca4e elementor-widget-divider--view-line elementor-widget elementor-widget-divider\" data-id=\"bbcca4e\" data-element_type=\"widget\" data-e-type=\"widget\" data-widget_type=\"divider.default\">\n\t\t\t\t<div class=\"elementor-widget-container\">\n\t\t\t\t\t\t\t<div class=\"elementor-divider\">\n\t\t\t<span class=\"elementor-divider-separator\">\n\t\t\t\t\t\t<\/span>\n\t\t<\/div>\n\t\t\t\t\t\t<\/div>\n\t\t\t\t<\/div>\n\t\t\t\t<\/div>\n\t\t\t\t\t<\/div>\n\t\t\t\t<\/div>\n\t\t<div class=\"aux-parallax-section elementor-element elementor-element-7585fc4 e-flex e-con-boxed e-con e-parent\" data-id=\"7585fc4\" data-element_type=\"container\" data-e-type=\"container\">\n\t\t\t\t\t<div class=\"e-con-inner\">\n\t\t<div class=\"elementor-element elementor-element-9f81fb7 e-con-full e-flex e-con e-child\" data-id=\"9f81fb7\" data-element_type=\"container\" data-e-type=\"container\">\n\t\t\t\t<div class=\"elementor-element elementor-element-69aef10 elementor-widget elementor-widget-heading\" data-id=\"69aef10\" data-element_type=\"widget\" data-e-type=\"widget\" data-widget_type=\"heading.default\">\n\t\t\t\t<div class=\"elementor-widget-container\">\n\t\t\t\t\t<h2 class=\"elementor-heading-title elementor-size-default\">Nivelamento de Terreno e Obras de Funda\u00e7\u00e3o<\/h2>\t\t\t\t<\/div>\n\t\t\t\t<\/div>\n\t\t\t\t<div class=\"elementor-element elementor-element-05e70be elementor-widget elementor-widget-text-editor\" data-id=\"05e70be\" data-element_type=\"widget\" data-e-type=\"widget\" data-widget_type=\"text-editor.default\">\n\t\t\t\t<div class=\"elementor-widget-container\">\n\t\t\t\t\t\t\t\t\t<p data-start=\"95\" data-end=\"364\">Nossos servi\u00e7os de terraplenagem e prepara\u00e7\u00e3o de terrenos incluem escava\u00e7\u00e3o, regulariza\u00e7\u00e3o, nivelamento e prepara\u00e7\u00e3o de funda\u00e7\u00f5es.<br \/>Esses trabalhos cr\u00edticos nas fases iniciais garantem a estabilidade do projeto e a conformidade com as especifica\u00e7\u00f5es de engenharia.<\/p>\t\t\t\t\t\t\t\t<\/div>\n\t\t\t\t<\/div>\n\t\t\t\t<div class=\"elementor-element elementor-element-d9e0e56 elementor-widget elementor-widget-image\" data-id=\"d9e0e56\" data-element_type=\"widget\" data-e-type=\"widget\" data-widget_type=\"image.default\">\n\t\t\t\t<div class=\"elementor-widget-container\">\n\t\t\t\t\t\t\t\t\t\t\t\t\t\t\t<img loading=\"lazy\" decoding=\"async\" width=\"1650\" height=\"870\" src=\"https:\/\/utcangola.com\/wp-content\/uploads\/2025\/12\/ground-1.jpg\" class=\"attachment-full size-full wp-image-391\" alt=\"\" srcset=\"https:\/\/utcangola.com\/wp-content\/uploads\/2025\/12\/ground-1.jpg 1650w, https:\/\/utcangola.com\/wp-content\/uploads\/2025\/12\/ground-1-1536x810.jpg 1536w, https:\/\/utcangola.com\/wp-content\/uploads\/2025\/12\/ground-1-200x105.jpg 200w\" sizes=\"(max-width: 1650px) 100vw, 1650px\" \/>\t\t\t\t\t\t\t\t\t\t\t\t\t\t\t<\/div>\n\t\t\t\t<\/div>\n\t\t\t\t<div class=\"elementor-element elementor-element-bce9bdd elementor-widget-divider--view-line elementor-widget elementor-widget-divider\" data-id=\"bce9bdd\" data-element_type=\"widget\" data-e-type=\"widget\" data-widget_type=\"divider.default\">\n\t\t\t\t<div class=\"elementor-widget-container\">\n\t\t\t\t\t\t\t<div class=\"elementor-divider\">\n\t\t\t<span class=\"elementor-divider-separator\">\n\t\t\t\t\t\t<\/span>\n\t\t<\/div>\n\t\t\t\t\t\t<\/div>\n\t\t\t\t<\/div>\n\t\t\t\t<\/div>\n\t\t\t\t\t<\/div>\n\t\t\t\t<\/div>\n\t\t<div class=\"aux-parallax-section elementor-element elementor-element-ed660a8 e-flex e-con-boxed e-con e-parent\" data-id=\"ed660a8\" data-element_type=\"container\" data-e-type=\"container\">\n\t\t\t\t\t<div class=\"e-con-inner\">\n\t\t<div class=\"elementor-element elementor-element-813edda e-con-full e-flex e-con e-child\" data-id=\"813edda\" data-element_type=\"container\" data-e-type=\"container\">\n\t\t\t\t<div class=\"elementor-element elementor-element-d3c9e37 elementor-widget elementor-widget-heading\" data-id=\"d3c9e37\" data-element_type=\"widget\" data-e-type=\"widget\" data-widget_type=\"heading.default\">\n\t\t\t\t<div class=\"elementor-widget-container\">\n\t\t\t\t\t<h2 class=\"elementor-heading-title elementor-size-default\">Design de Interiores e Acabamento<\/h2>\t\t\t\t<\/div>\n\t\t\t\t<\/div>\n\t\t\t\t<div class=\"elementor-element elementor-element-6207166 elementor-widget elementor-widget-text-editor\" data-id=\"6207166\" data-element_type=\"widget\" data-e-type=\"widget\" data-widget_type=\"text-editor.default\">\n\t\t\t\t<div class=\"elementor-widget-container\">\n\t\t\t\t\t\t\t\t\t<p data-start=\"95\" data-end=\"364\">A UTC Angola oferece servi\u00e7os completos de design de interiores e acabamento, transformando os espa\u00e7os em ambientes funcionais e esteticamente sofisticados. <br \/>Nossa abordagem enfatiza o planejamento do espa\u00e7o, a qualidade dos materiais e a excel\u00eancia na execu\u00e7\u00e3o.<\/p>\t\t\t\t\t\t\t\t<\/div>\n\t\t\t\t<\/div>\n\t\t\t\t<div class=\"elementor-element elementor-element-d43334c elementor-widget elementor-widget-image\" data-id=\"d43334c\" data-element_type=\"widget\" data-e-type=\"widget\" data-widget_type=\"image.default\">\n\t\t\t\t<div class=\"elementor-widget-container\">\n\t\t\t\t\t\t\t\t\t\t\t\t\t\t\t<img loading=\"lazy\" decoding=\"async\" width=\"1650\" height=\"883\" src=\"https:\/\/utcangola.com\/wp-content\/uploads\/2025\/12\/utc-company-profile-13.jpg\" class=\"attachment-full size-full wp-image-396\" alt=\"\" srcset=\"https:\/\/utcangola.com\/wp-content\/uploads\/2025\/12\/utc-company-profile-13.jpg 1650w, https:\/\/utcangola.com\/wp-content\/uploads\/2025\/12\/utc-company-profile-13-1536x822.jpg 1536w, https:\/\/utcangola.com\/wp-content\/uploads\/2025\/12\/utc-company-profile-13-200x107.jpg 200w\" sizes=\"(max-width: 1650px) 100vw, 1650px\" \/>\t\t\t\t\t\t\t\t\t\t\t\t\t\t\t<\/div>\n\t\t\t\t<\/div>\n\t\t\t\t<\/div>\n\t\t\t\t\t<\/div>\n\t\t\t\t<\/div>\n\t\t\t\t<\/div>","protected":false},"excerpt":{"rendered":"<p>Construction Services Civil &amp; Structural Works We provide comprehensive civil and structural construction services, covering foundations, reinforced concrete structures, and load-bearing elements. Our work ensures strength, safety, and long-term durability, executed in accordance with engineering standards, technical drawings, and project specifications. School Construction &amp; Educational Facilities Supply TC Angola provides integrated solutions for the construction, [&hellip;]<\/p>\n","protected":false},"author":1,"featured_media":0,"parent":0,"menu_order":0,"comment_status":"closed","ping_status":"closed","template":"templates\/page-builder-content.php","meta":{"footnotes":""},"class_list":["post-63","page","type-page","status-publish","hentry"],"_links":{"self":[{"href":"https:\/\/utcangola.com\/pt\/wp-json\/wp\/v2\/pages\/63","targetHints":{"allow":["GET"]}}],"collection":[{"href":"https:\/\/utcangola.com\/pt\/wp-json\/wp\/v2\/pages"}],"about":[{"href":"https:\/\/utcangola.com\/pt\/wp-json\/wp\/v2\/types\/page"}],"author":[{"embeddable":true,"href":"https:\/\/utcangola.com\/pt\/wp-json\/wp\/v2\/users\/1"}],"replies":[{"embeddable":true,"href":"https:\/\/utcangola.com\/pt\/wp-json\/wp\/v2\/comments?post=63"}],"version-history":[{"count":70,"href":"https:\/\/utcangola.com\/pt\/wp-json\/wp\/v2\/pages\/63\/revisions"}],"predecessor-version":[{"id":576,"href":"https:\/\/utcangola.com\/pt\/wp-json\/wp\/v2\/pages\/63\/revisions\/576"}],"wp:attachment":[{"href":"https:\/\/utcangola.com\/pt\/wp-json\/wp\/v2\/media?parent=63"}],"curies":[{"name":"wp","href":"https:\/\/api.w.org\/{rel}","templated":true}]}}