{"id":477,"date":"2025-12-23T07:59:03","date_gmt":"2025-12-23T07:59:03","guid":{"rendered":"https:\/\/utcangola.com\/?page_id=477"},"modified":"2025-12-23T08:52:25","modified_gmt":"2025-12-23T08:52:25","slug":"logistics-trade-support-services","status":"publish","type":"page","link":"https:\/\/utcangola.com\/pt\/logistics-trade-support-services\/","title":{"rendered":"Log\u00edstica, Com\u00e9rcio e Servi\u00e7os de Apoio"},"content":{"rendered":"<div data-elementor-type=\"wp-page\" data-elementor-id=\"477\" class=\"elementor elementor-477\">\n\t\t\t\t<div class=\"aux-parallax-section elementor-element elementor-element-0e1fab4 e-flex e-con-boxed e-con e-parent\" data-id=\"0e1fab4\" data-element_type=\"container\" data-e-type=\"container\">\n\t\t\t\t\t<div class=\"e-con-inner\">\n\t\t<div class=\"elementor-element elementor-element-90e603e e-con-full e-flex e-con e-child\" data-id=\"90e603e\" data-element_type=\"container\" data-e-type=\"container\">\n\t\t\t\t<div class=\"elementor-element elementor-element-64d4b86 elementor-widget elementor-widget-heading\" data-id=\"64d4b86\" data-element_type=\"widget\" data-e-type=\"widget\" data-widget_type=\"heading.default\">\n\t\t\t\t<div class=\"elementor-widget-container\">\n\t\t\t\t\t<h2 class=\"elementor-heading-title elementor-size-default\">Log\u00edstica, Com\u00e9rcio e Servi\u00e7os de Apoio<\/h2>\t\t\t\t<\/div>\n\t\t\t\t<\/div>\n\t\t\t\t<\/div>\n\t\t\t\t\t<\/div>\n\t\t\t\t<\/div>\n\t\t<div class=\"aux-parallax-section elementor-element elementor-element-b03a4fe e-flex e-con-boxed e-con e-parent\" data-id=\"b03a4fe\" data-element_type=\"container\" data-e-type=\"container\">\n\t\t\t\t\t<div class=\"e-con-inner\">\n\t\t<div class=\"elementor-element elementor-element-e298f95 e-con-full e-flex e-con e-child\" data-id=\"e298f95\" data-element_type=\"container\" data-e-type=\"container\">\n\t\t\t\t<div class=\"elementor-element elementor-element-1134b88 elementor-widget elementor-widget-heading\" data-id=\"1134b88\" data-element_type=\"widget\" data-e-type=\"widget\" data-widget_type=\"heading.default\">\n\t\t\t\t<div class=\"elementor-widget-container\">\n\t\t\t\t\t<h2 class=\"elementor-heading-title elementor-size-default\">Servi\u00e7os de Transporte<\/h2>\t\t\t\t<\/div>\n\t\t\t\t<\/div>\n\t\t\t\t<div class=\"elementor-element elementor-element-5db7bf5 elementor-widget elementor-widget-text-editor\" data-id=\"5db7bf5\" data-element_type=\"widget\" data-e-type=\"widget\" data-widget_type=\"text-editor.default\">\n\t\t\t\t<div class=\"elementor-widget-container\">\n\t\t\t\t\t\t\t\t\t<p data-start=\"95\" data-end=\"364\">A UTC Angola oferece servi\u00e7os confi\u00e1veis de transporte e log\u00edstica, garantindo a entrega segura e pontual de materiais de constru\u00e7\u00e3o, m\u00e1quinas e equipamentos nos locais dos projetos.<\/p>\t\t\t\t\t\t\t\t<\/div>\n\t\t\t\t<\/div>\n\t\t\t\t<div class=\"elementor-element elementor-element-8707acb elementor-widget elementor-widget-image\" data-id=\"8707acb\" data-element_type=\"widget\" data-e-type=\"widget\" data-widget_type=\"image.default\">\n\t\t\t\t<div class=\"elementor-widget-container\">\n\t\t\t\t\t\t\t\t\t\t\t\t\t\t\t<img fetchpriority=\"high\" decoding=\"async\" width=\"1650\" height=\"461\" src=\"https:\/\/utcangola.com\/wp-content\/uploads\/2025\/12\/utc-company-profile-30.jpg\" class=\"attachment-full size-full wp-image-479\" alt=\"\" srcset=\"https:\/\/utcangola.com\/wp-content\/uploads\/2025\/12\/utc-company-profile-30.jpg 1650w, https:\/\/utcangola.com\/wp-content\/uploads\/2025\/12\/utc-company-profile-30-1536x429.jpg 1536w, https:\/\/utcangola.com\/wp-content\/uploads\/2025\/12\/utc-company-profile-30-200x56.jpg 200w\" sizes=\"(max-width: 1650px) 100vw, 1650px\" \/>\t\t\t\t\t\t\t\t\t\t\t\t\t\t\t<\/div>\n\t\t\t\t<\/div>\n\t\t\t\t<div class=\"elementor-element elementor-element-1d36b34 elementor-widget-divider--view-line elementor-widget elementor-widget-divider\" data-id=\"1d36b34\" data-element_type=\"widget\" data-e-type=\"widget\" data-widget_type=\"divider.default\">\n\t\t\t\t<div class=\"elementor-widget-container\">\n\t\t\t\t\t\t\t<div class=\"elementor-divider\">\n\t\t\t<span class=\"elementor-divider-separator\">\n\t\t\t\t\t\t<\/span>\n\t\t<\/div>\n\t\t\t\t\t\t<\/div>\n\t\t\t\t<\/div>\n\t\t\t\t<\/div>\n\t\t\t\t\t<\/div>\n\t\t\t\t<\/div>\n\t\t<div class=\"aux-parallax-section elementor-element elementor-element-ed660a8 e-flex e-con-boxed e-con e-parent\" data-id=\"ed660a8\" data-element_type=\"container\" data-e-type=\"container\">\n\t\t\t\t\t<div class=\"e-con-inner\">\n\t\t<div class=\"elementor-element elementor-element-813edda e-con-full e-flex e-con e-child\" data-id=\"813edda\" data-element_type=\"container\" data-e-type=\"container\">\n\t\t\t\t<div class=\"elementor-element elementor-element-d3c9e37 elementor-widget elementor-widget-heading\" data-id=\"d3c9e37\" data-element_type=\"widget\" data-e-type=\"widget\" data-widget_type=\"heading.default\">\n\t\t\t\t<div class=\"elementor-widget-container\">\n\t\t\t\t\t<h2 class=\"elementor-heading-title elementor-size-default\">Servi\u00e7os de Importa\u00e7\u00e3o e Exporta\u00e7\u00e3o<\/h2>\t\t\t\t<\/div>\n\t\t\t\t<\/div>\n\t\t\t\t<div class=\"elementor-element elementor-element-6207166 elementor-widget elementor-widget-text-editor\" data-id=\"6207166\" data-element_type=\"widget\" data-e-type=\"widget\" data-widget_type=\"text-editor.default\">\n\t\t\t\t<div class=\"elementor-widget-container\">\n\t\t\t\t\t\t\t\t\t<p data-start=\"95\" data-end=\"364\">Facilitamos o com\u00e9rcio internacional gerenciando a aquisi\u00e7\u00e3o de produtos, documenta\u00e7\u00e3o, desembara\u00e7o aduaneiro e coordena\u00e7\u00e3o log\u00edstica, garantindo opera\u00e7\u00f5es transfronteiri\u00e7as eficientes e em conformidade.<\/p>\t\t\t\t\t\t\t\t<\/div>\n\t\t\t\t<\/div>\n\t\t\t\t<div class=\"elementor-element elementor-element-11f9471 elementor-hidden-desktop elementor-widget-divider--view-line elementor-widget elementor-widget-divider\" data-id=\"11f9471\" data-element_type=\"widget\" data-e-type=\"widget\" data-widget_type=\"divider.default\">\n\t\t\t\t<div class=\"elementor-widget-container\">\n\t\t\t\t\t\t\t<div class=\"elementor-divider\">\n\t\t\t<span class=\"elementor-divider-separator\">\n\t\t\t\t\t\t<\/span>\n\t\t<\/div>\n\t\t\t\t\t\t<\/div>\n\t\t\t\t<\/div>\n\t\t\t\t<\/div>\n\t\t<div class=\"elementor-element elementor-element-1e42494 e-con-full e-flex e-con e-child\" data-id=\"1e42494\" data-element_type=\"container\" data-e-type=\"container\">\n\t\t\t\t<div class=\"elementor-element elementor-element-5058b87 elementor-widget elementor-widget-image\" data-id=\"5058b87\" data-element_type=\"widget\" data-e-type=\"widget\" data-widget_type=\"image.default\">\n\t\t\t\t<div class=\"elementor-widget-container\">\n\t\t\t\t\t\t\t\t\t\t\t\t\t\t\t<img decoding=\"async\" width=\"1280\" height=\"1041\" src=\"https:\/\/utcangola.com\/wp-content\/uploads\/2025\/12\/utc-company-profile-32.jpg\" class=\"attachment-full size-full wp-image-480\" alt=\"\" srcset=\"https:\/\/utcangola.com\/wp-content\/uploads\/2025\/12\/utc-company-profile-32.jpg 1280w, https:\/\/utcangola.com\/wp-content\/uploads\/2025\/12\/utc-company-profile-32-200x163.jpg 200w\" sizes=\"(max-width: 1280px) 100vw, 1280px\" \/>\t\t\t\t\t\t\t\t\t\t\t\t\t\t\t<\/div>\n\t\t\t\t<\/div>\n\t\t\t\t<\/div>\n\t\t\t\t\t<\/div>\n\t\t\t\t<\/div>\n\t\t<div class=\"aux-parallax-section elementor-element elementor-element-05a8c18 elementor-hidden-mobile e-flex e-con-boxed e-con e-parent\" data-id=\"05a8c18\" data-element_type=\"container\" data-e-type=\"container\">\n\t\t\t\t\t<div class=\"e-con-inner\">\n\t\t\t\t<div class=\"elementor-element elementor-element-501bbb0 elementor-widget-divider--view-line elementor-widget elementor-widget-divider\" data-id=\"501bbb0\" data-element_type=\"widget\" data-e-type=\"widget\" data-widget_type=\"divider.default\">\n\t\t\t\t<div class=\"elementor-widget-container\">\n\t\t\t\t\t\t\t<div class=\"elementor-divider\">\n\t\t\t<span class=\"elementor-divider-separator\">\n\t\t\t\t\t\t<\/span>\n\t\t<\/div>\n\t\t\t\t\t\t<\/div>\n\t\t\t\t<\/div>\n\t\t\t\t\t<\/div>\n\t\t\t\t<\/div>\n\t\t<div class=\"aux-parallax-section elementor-element elementor-element-1b9dd8f e-flex e-con-boxed e-con e-parent\" data-id=\"1b9dd8f\" data-element_type=\"container\" data-e-type=\"container\">\n\t\t\t\t\t<div class=\"e-con-inner\">\n\t\t<div class=\"elementor-element elementor-element-4ed8cb3 e-con-full e-flex e-con e-child\" data-id=\"4ed8cb3\" data-element_type=\"container\" data-e-type=\"container\">\n\t\t\t\t<div class=\"elementor-element elementor-element-2b0ea0f elementor-widget elementor-widget-heading\" data-id=\"2b0ea0f\" data-element_type=\"widget\" data-e-type=\"widget\" data-widget_type=\"heading.default\">\n\t\t\t\t<div class=\"elementor-widget-container\">\n\t\t\t\t\t<h2 class=\"elementor-heading-title elementor-size-default\">Servi\u00e7os de Manuten\u00e7\u00e3o (MEP e M\u00e1quinas)<\/h2>\t\t\t\t<\/div>\n\t\t\t\t<\/div>\n\t\t\t\t<div class=\"elementor-element elementor-element-e669ad0 elementor-widget elementor-widget-text-editor\" data-id=\"e669ad0\" data-element_type=\"widget\" data-e-type=\"widget\" data-widget_type=\"text-editor.default\">\n\t\t\t\t<div class=\"elementor-widget-container\">\n\t\t\t\t\t\t\t\t\t<p data-start=\"95\" data-end=\"364\">Nossos servi\u00e7os de manuten\u00e7\u00e3o abrangentes incluem manuten\u00e7\u00e3o preventiva e corretiva de sistemas MEP e m\u00e1quinas industriais, reduzindo o tempo de inatividade e prolongando o ciclo de vida dos equipamentos.<\/p>\t\t\t\t\t\t\t\t<\/div>\n\t\t\t\t<\/div>\n\t\t\t\t<\/div>\n\t\t<div class=\"elementor-element elementor-element-1fabff6 e-con-full e-flex e-con e-child\" data-id=\"1fabff6\" data-element_type=\"container\" data-e-type=\"container\">\n\t\t\t\t<div class=\"elementor-element elementor-element-b24269c elementor-widget elementor-widget-image\" data-id=\"b24269c\" data-element_type=\"widget\" data-e-type=\"widget\" data-widget_type=\"image.default\">\n\t\t\t\t<div class=\"elementor-widget-container\">\n\t\t\t\t\t\t\t\t\t\t\t\t\t\t\t<img decoding=\"async\" width=\"1280\" height=\"896\" src=\"https:\/\/utcangola.com\/wp-content\/uploads\/2025\/12\/utc-company-profile-34.jpg\" class=\"attachment-full size-full wp-image-481\" alt=\"\" srcset=\"https:\/\/utcangola.com\/wp-content\/uploads\/2025\/12\/utc-company-profile-34.jpg 1280w, https:\/\/utcangola.com\/wp-content\/uploads\/2025\/12\/utc-company-profile-34-200x140.jpg 200w\" sizes=\"(max-width: 1280px) 100vw, 1280px\" \/>\t\t\t\t\t\t\t\t\t\t\t\t\t\t\t<\/div>\n\t\t\t\t<\/div>\n\t\t\t\t<\/div>\n\t\t\t\t\t<\/div>\n\t\t\t\t<\/div>\n\t\t\t\t<\/div>","protected":false},"excerpt":{"rendered":"<p>Logistics, Trade &amp; Support Services Transportation Services UTC Angola provides reliable transportation and logistics services to ensure the safe and timely delivery of construction materials, machinery, and equipment to project sites. Import and Export Services We facilitate international trade by managing sourcing, documentation, customs clearance, and logistics coordination, ensuring smooth and compliant cross-border operations. Maintenance [&hellip;]<\/p>\n","protected":false},"author":1,"featured_media":0,"parent":0,"menu_order":0,"comment_status":"closed","ping_status":"closed","template":"templates\/page-builder-content.php","meta":{"footnotes":""},"class_list":["post-477","page","type-page","status-publish","hentry"],"_links":{"self":[{"href":"https:\/\/utcangola.com\/pt\/wp-json\/wp\/v2\/pages\/477","targetHints":{"allow":["GET"]}}],"collection":[{"href":"https:\/\/utcangola.com\/pt\/wp-json\/wp\/v2\/pages"}],"about":[{"href":"https:\/\/utcangola.com\/pt\/wp-json\/wp\/v2\/types\/page"}],"author":[{"embeddable":true,"href":"https:\/\/utcangola.com\/pt\/wp-json\/wp\/v2\/users\/1"}],"replies":[{"embeddable":true,"href":"https:\/\/utcangola.com\/pt\/wp-json\/wp\/v2\/comments?post=477"}],"version-history":[{"count":13,"href":"https:\/\/utcangola.com\/pt\/wp-json\/wp\/v2\/pages\/477\/revisions"}],"predecessor-version":[{"id":517,"href":"https:\/\/utcangola.com\/pt\/wp-json\/wp\/v2\/pages\/477\/revisions\/517"}],"wp:attachment":[{"href":"https:\/\/utcangola.com\/pt\/wp-json\/wp\/v2\/media?parent=477"}],"curies":[{"name":"wp","href":"https:\/\/api.w.org\/{rel}","templated":true}]}}