{"id":468,"date":"2025-12-23T07:55:12","date_gmt":"2025-12-23T07:55:12","guid":{"rendered":"https:\/\/utcangola.com\/?page_id=468"},"modified":"2025-12-23T07:57:05","modified_gmt":"2025-12-23T07:57:05","slug":"prefabricated-homes-of%ef%ac%81ces","status":"publish","type":"page","link":"https:\/\/utcangola.com\/pt\/prefabricated-homes-of%ef%ac%81ces\/","title":{"rendered":"Casas e Escrit\u00f3rios Pr\u00e9-fabricados"},"content":{"rendered":"<div data-elementor-type=\"wp-page\" data-elementor-id=\"468\" class=\"elementor elementor-468\">\n\t\t\t\t<div class=\"aux-parallax-section elementor-element elementor-element-0e1fab4 e-flex e-con-boxed e-con e-parent\" data-id=\"0e1fab4\" data-element_type=\"container\" data-e-type=\"container\">\n\t\t\t\t\t<div class=\"e-con-inner\">\n\t\t<div class=\"elementor-element elementor-element-90e603e e-con-full e-flex e-con e-child\" data-id=\"90e603e\" data-element_type=\"container\" data-e-type=\"container\">\n\t\t\t\t<div class=\"elementor-element elementor-element-64d4b86 elementor-widget elementor-widget-heading\" data-id=\"64d4b86\" data-element_type=\"widget\" data-e-type=\"widget\" data-widget_type=\"heading.default\">\n\t\t\t\t<div class=\"elementor-widget-container\">\n\t\t\t\t\t<h2 class=\"elementor-heading-title elementor-size-default\">PREFABRICATED &amp; MODULAR SOLUTIONS<\/h2>\t\t\t\t<\/div>\n\t\t\t\t<\/div>\n\t\t\t\t<\/div>\n\t\t\t\t\t<\/div>\n\t\t\t\t<\/div>\n\t\t<div class=\"aux-parallax-section elementor-element elementor-element-b03a4fe e-flex e-con-boxed e-con e-parent\" data-id=\"b03a4fe\" data-element_type=\"container\" data-e-type=\"container\">\n\t\t\t\t\t<div class=\"e-con-inner\">\n\t\t<div class=\"elementor-element elementor-element-e298f95 e-con-full e-flex e-con e-child\" data-id=\"e298f95\" data-element_type=\"container\" data-e-type=\"container\">\n\t\t\t\t<div class=\"elementor-element elementor-element-1134b88 elementor-widget elementor-widget-heading\" data-id=\"1134b88\" data-element_type=\"widget\" data-e-type=\"widget\" data-widget_type=\"heading.default\">\n\t\t\t\t<div class=\"elementor-widget-container\">\n\t\t\t\t\t<h2 class=\"elementor-heading-title elementor-size-default\">Casas e Escrit\u00f3rios Pr\u00e9-fabricados<\/h2>\t\t\t\t<\/div>\n\t\t\t\t<\/div>\n\t\t\t\t<div class=\"elementor-element elementor-element-5db7bf5 elementor-widget elementor-widget-text-editor\" data-id=\"5db7bf5\" data-element_type=\"widget\" data-e-type=\"widget\" data-widget_type=\"text-editor.default\">\n\t\t\t\t<div class=\"elementor-widget-container\">\n\t\t\t\t\t\t\t\t\t<p data-start=\"95\" data-end=\"364\">Nossas solu\u00e7\u00f5es de casas e escrit\u00f3rios pr\u00e9-fabricados oferecem implanta\u00e7\u00e3o r\u00e1pida, efici\u00eancia de custos e qualidade consistente. <br \/>Esses sistemas s\u00e3o ideais para acomoda\u00e7\u00f5es de equipes, locais remotos e projetos de execu\u00e7\u00e3o r\u00e1pida.<\/p>\t\t\t\t\t\t\t\t<\/div>\n\t\t\t\t<\/div>\n\t\t\t\t<div class=\"elementor-element elementor-element-8707acb elementor-widget elementor-widget-image\" data-id=\"8707acb\" data-element_type=\"widget\" data-e-type=\"widget\" data-widget_type=\"image.default\">\n\t\t\t\t<div class=\"elementor-widget-container\">\n\t\t\t\t\t\t\t\t\t\t\t\t\t\t\t<img fetchpriority=\"high\" decoding=\"async\" width=\"1757\" height=\"841\" src=\"https:\/\/utcangola.com\/wp-content\/uploads\/2025\/12\/utc-company-profile-26.jpg\" class=\"attachment-full size-full wp-image-470\" alt=\"\" srcset=\"https:\/\/utcangola.com\/wp-content\/uploads\/2025\/12\/utc-company-profile-26.jpg 1757w, https:\/\/utcangola.com\/wp-content\/uploads\/2025\/12\/utc-company-profile-26-1536x735.jpg 1536w, https:\/\/utcangola.com\/wp-content\/uploads\/2025\/12\/utc-company-profile-26-200x96.jpg 200w\" sizes=\"(max-width: 1757px) 100vw, 1757px\" \/>\t\t\t\t\t\t\t\t\t\t\t\t\t\t\t<\/div>\n\t\t\t\t<\/div>\n\t\t\t\t<\/div>\n\t\t\t\t\t<\/div>\n\t\t\t\t<\/div>\n\t\t\t\t<\/div>","protected":false},"excerpt":{"rendered":"<p>PREFABRICATED &amp; MODULAR SOLUTIONS Prefabricated Homes &amp; Of\ufb01ces Our prefabricated housing and of\ufb01ce solutions offer rapid deployment, cost ef\ufb01ciency, and consistent quality. These systems are ideal for workforce accommodations, remote locations, and fast-track projects.<\/p>","protected":false},"author":1,"featured_media":0,"parent":0,"menu_order":0,"comment_status":"closed","ping_status":"closed","template":"templates\/page-builder-content.php","meta":{"footnotes":""},"class_list":["post-468","page","type-page","status-publish","hentry"],"_links":{"self":[{"href":"https:\/\/utcangola.com\/pt\/wp-json\/wp\/v2\/pages\/468","targetHints":{"allow":["GET"]}}],"collection":[{"href":"https:\/\/utcangola.com\/pt\/wp-json\/wp\/v2\/pages"}],"about":[{"href":"https:\/\/utcangola.com\/pt\/wp-json\/wp\/v2\/types\/page"}],"author":[{"embeddable":true,"href":"https:\/\/utcangola.com\/pt\/wp-json\/wp\/v2\/users\/1"}],"replies":[{"embeddable":true,"href":"https:\/\/utcangola.com\/pt\/wp-json\/wp\/v2\/comments?post=468"}],"version-history":[{"count":7,"href":"https:\/\/utcangola.com\/pt\/wp-json\/wp\/v2\/pages\/468\/revisions"}],"predecessor-version":[{"id":476,"href":"https:\/\/utcangola.com\/pt\/wp-json\/wp\/v2\/pages\/468\/revisions\/476"}],"wp:attachment":[{"href":"https:\/\/utcangola.com\/pt\/wp-json\/wp\/v2\/media?parent=468"}],"curies":[{"name":"wp","href":"https:\/\/api.w.org\/{rel}","templated":true}]}}