{"id":454,"date":"2025-12-23T07:26:01","date_gmt":"2025-12-23T07:26:01","guid":{"rendered":"https:\/\/utcangola.com\/?page_id=454"},"modified":"2025-12-26T17:32:54","modified_gmt":"2025-12-26T17:32:54","slug":"industrial-machinery-solutions","status":"publish","type":"page","link":"https:\/\/utcangola.com\/pt\/industrial-machinery-solutions\/","title":{"rendered":"Solu\u00e7\u00f5es Industriais e de Maquin\u00e1rio"},"content":{"rendered":"<div data-elementor-type=\"wp-page\" data-elementor-id=\"454\" class=\"elementor elementor-454\">\n\t\t\t\t<div class=\"aux-parallax-section elementor-element elementor-element-0e1fab4 e-flex e-con-boxed e-con e-parent\" data-id=\"0e1fab4\" data-element_type=\"container\" data-e-type=\"container\">\n\t\t\t\t\t<div class=\"e-con-inner\">\n\t\t<div class=\"elementor-element elementor-element-90e603e e-con-full e-flex e-con e-child\" data-id=\"90e603e\" data-element_type=\"container\" data-e-type=\"container\">\n\t\t\t\t<div class=\"elementor-element elementor-element-64d4b86 elementor-widget elementor-widget-heading\" data-id=\"64d4b86\" data-element_type=\"widget\" data-e-type=\"widget\" data-widget_type=\"heading.default\">\n\t\t\t\t<div class=\"elementor-widget-container\">\n\t\t\t\t\t<h2 class=\"elementor-heading-title elementor-size-default\">Solu\u00e7\u00f5es Industriais e de Maquin\u00e1rio<\/h2>\t\t\t\t<\/div>\n\t\t\t\t<\/div>\n\t\t\t\t<\/div>\n\t\t\t\t\t<\/div>\n\t\t\t\t<\/div>\n\t\t<div class=\"aux-parallax-section elementor-element elementor-element-b03a4fe e-flex e-con-boxed e-con e-parent\" data-id=\"b03a4fe\" data-element_type=\"container\" data-e-type=\"container\">\n\t\t\t\t\t<div class=\"e-con-inner\">\n\t\t<div class=\"elementor-element elementor-element-e298f95 e-con-full e-flex e-con e-child\" data-id=\"e298f95\" data-element_type=\"container\" data-e-type=\"container\">\n\t\t\t\t<div class=\"elementor-element elementor-element-1134b88 elementor-widget elementor-widget-heading\" data-id=\"1134b88\" data-element_type=\"widget\" data-e-type=\"widget\" data-widget_type=\"heading.default\">\n\t\t\t\t<div class=\"elementor-widget-container\">\n\t\t\t\t\t<h2 class=\"elementor-heading-title elementor-size-default\">Fornecimento de M\u00e1quinas para Startups<\/h2>\t\t\t\t<\/div>\n\t\t\t\t<\/div>\n\t\t\t\t<div class=\"elementor-element elementor-element-5db7bf5 elementor-widget elementor-widget-text-editor\" data-id=\"5db7bf5\" data-element_type=\"widget\" data-e-type=\"widget\" data-widget_type=\"text-editor.default\">\n\t\t\t\t<div class=\"elementor-widget-container\">\n\t\t\t\t\t\t\t\t\t<p data-start=\"95\" data-end=\"364\">Fornecemos m\u00e1quinas modernas e confi\u00e1veis para novas f\u00e1bricas e instala\u00e7\u00f5es de produ\u00e7\u00e3o. Nossos servi\u00e7os incluem suporte na sele\u00e7\u00e3o de equipamentos, aquisi\u00e7\u00e3o junto a fabricantes confi\u00e1veis e coordena\u00e7\u00e3o da entrega e comissionamento.<\/p>\t\t\t\t\t\t\t\t<\/div>\n\t\t\t\t<\/div>\n\t\t\t\t<div class=\"elementor-element elementor-element-8707acb elementor-widget elementor-widget-image\" data-id=\"8707acb\" data-element_type=\"widget\" data-e-type=\"widget\" data-widget_type=\"image.default\">\n\t\t\t\t<div class=\"elementor-widget-container\">\n\t\t\t\t\t\t\t\t\t\t\t\t\t\t\t<img fetchpriority=\"high\" decoding=\"async\" width=\"1650\" height=\"861\" src=\"https:\/\/utcangola.com\/wp-content\/uploads\/2025\/12\/utc-company-profile-20.jpg\" class=\"attachment-full size-full wp-image-457\" alt=\"\" srcset=\"https:\/\/utcangola.com\/wp-content\/uploads\/2025\/12\/utc-company-profile-20.jpg 1650w, https:\/\/utcangola.com\/wp-content\/uploads\/2025\/12\/utc-company-profile-20-1536x802.jpg 1536w, https:\/\/utcangola.com\/wp-content\/uploads\/2025\/12\/utc-company-profile-20-200x104.jpg 200w\" sizes=\"(max-width: 1650px) 100vw, 1650px\" \/>\t\t\t\t\t\t\t\t\t\t\t\t\t\t\t<\/div>\n\t\t\t\t<\/div>\n\t\t\t\t<div class=\"elementor-element elementor-element-1d36b34 elementor-widget-divider--view-line elementor-widget elementor-widget-divider\" data-id=\"1d36b34\" data-element_type=\"widget\" data-e-type=\"widget\" data-widget_type=\"divider.default\">\n\t\t\t\t<div class=\"elementor-widget-container\">\n\t\t\t\t\t\t\t<div class=\"elementor-divider\">\n\t\t\t<span class=\"elementor-divider-separator\">\n\t\t\t\t\t\t<\/span>\n\t\t<\/div>\n\t\t\t\t\t\t<\/div>\n\t\t\t\t<\/div>\n\t\t\t\t<\/div>\n\t\t\t\t\t<\/div>\n\t\t\t\t<\/div>\n\t\t<div class=\"aux-parallax-section elementor-element elementor-element-7585fc4 e-flex e-con-boxed e-con e-parent\" data-id=\"7585fc4\" data-element_type=\"container\" data-e-type=\"container\">\n\t\t\t\t\t<div class=\"e-con-inner\">\n\t\t<div class=\"elementor-element elementor-element-9f81fb7 e-con-full e-flex e-con e-child\" data-id=\"9f81fb7\" data-element_type=\"container\" data-e-type=\"container\">\n\t\t\t\t<div class=\"elementor-element elementor-element-69aef10 elementor-widget elementor-widget-heading\" data-id=\"69aef10\" data-element_type=\"widget\" data-e-type=\"widget\" data-widget_type=\"heading.default\">\n\t\t\t\t<div class=\"elementor-widget-container\">\n\t\t\t\t\t<h2 class=\"elementor-heading-title elementor-size-default\">Fornecimento de M\u00e1quinas para Cozinhas Industriais<\/h2>\t\t\t\t<\/div>\n\t\t\t\t<\/div>\n\t\t\t\t<div class=\"elementor-element elementor-element-05e70be elementor-widget elementor-widget-text-editor\" data-id=\"05e70be\" data-element_type=\"widget\" data-e-type=\"widget\" data-widget_type=\"text-editor.default\">\n\t\t\t\t<div class=\"elementor-widget-container\">\n\t\t\t\t\t\t\t\t\t<p data-start=\"95\" data-end=\"364\">A UTC Angola oferece solu\u00e7\u00f5es completas de equipamentos para cozinhas industriais para restaurantes, padarias, hospitais, escolas e institui\u00e7\u00f5es, garantindo efici\u00eancia, higiene e confiabilidade operacional.<\/p>\t\t\t\t\t\t\t\t<\/div>\n\t\t\t\t<\/div>\n\t\t\t\t<div class=\"elementor-element elementor-element-d9e0e56 elementor-widget elementor-widget-image\" data-id=\"d9e0e56\" data-element_type=\"widget\" data-e-type=\"widget\" data-widget_type=\"image.default\">\n\t\t\t\t<div class=\"elementor-widget-container\">\n\t\t\t\t\t\t\t\t\t\t\t\t\t\t\t<img decoding=\"async\" width=\"1650\" height=\"613\" src=\"https:\/\/utcangola.com\/wp-content\/uploads\/2025\/12\/utc-company-profile-25-2.jpg\" class=\"attachment-full size-full wp-image-536\" alt=\"\" srcset=\"https:\/\/utcangola.com\/wp-content\/uploads\/2025\/12\/utc-company-profile-25-2.jpg 1650w, https:\/\/utcangola.com\/wp-content\/uploads\/2025\/12\/utc-company-profile-25-2-1536x571.jpg 1536w, https:\/\/utcangola.com\/wp-content\/uploads\/2025\/12\/utc-company-profile-25-2-18x7.jpg 18w, https:\/\/utcangola.com\/wp-content\/uploads\/2025\/12\/utc-company-profile-25-2-200x74.jpg 200w\" sizes=\"(max-width: 1650px) 100vw, 1650px\" \/>\t\t\t\t\t\t\t\t\t\t\t\t\t\t\t<\/div>\n\t\t\t\t<\/div>\n\t\t\t\t<div class=\"elementor-element elementor-element-bce9bdd elementor-widget-divider--view-line elementor-widget elementor-widget-divider\" data-id=\"bce9bdd\" data-element_type=\"widget\" data-e-type=\"widget\" data-widget_type=\"divider.default\">\n\t\t\t\t<div class=\"elementor-widget-container\">\n\t\t\t\t\t\t\t<div class=\"elementor-divider\">\n\t\t\t<span class=\"elementor-divider-separator\">\n\t\t\t\t\t\t<\/span>\n\t\t<\/div>\n\t\t\t\t\t\t<\/div>\n\t\t\t\t<\/div>\n\t\t\t\t<\/div>\n\t\t\t\t\t<\/div>\n\t\t\t\t<\/div>\n\t\t<div class=\"aux-parallax-section elementor-element elementor-element-ed660a8 e-flex e-con-boxed e-con e-parent\" data-id=\"ed660a8\" data-element_type=\"container\" data-e-type=\"container\">\n\t\t\t\t\t<div class=\"e-con-inner\">\n\t\t<div class=\"elementor-element elementor-element-813edda e-con-full e-flex e-con e-child\" data-id=\"813edda\" data-element_type=\"container\" data-e-type=\"container\">\n\t\t\t\t<div class=\"elementor-element elementor-element-d3c9e37 elementor-widget elementor-widget-heading\" data-id=\"d3c9e37\" data-element_type=\"widget\" data-e-type=\"widget\" data-widget_type=\"heading.default\">\n\t\t\t\t<div class=\"elementor-widget-container\">\n\t\t\t\t\t<h2 class=\"elementor-heading-title elementor-size-default\">Instala\u00e7\u00e3o de C\u00e2maras Frias e Resfriadores<\/h2>\t\t\t\t<\/div>\n\t\t\t\t<\/div>\n\t\t\t\t<div class=\"elementor-element elementor-element-6207166 elementor-widget elementor-widget-text-editor\" data-id=\"6207166\" data-element_type=\"widget\" data-e-type=\"widget\" data-widget_type=\"text-editor.default\">\n\t\t\t\t<div class=\"elementor-widget-container\">\n\t\t\t\t\t\t\t\t\t<p data-start=\"95\" data-end=\"364\">Somos especializados na instala\u00e7\u00e3o de c\u00e2maras frias e sistemas de resfriamento para armazenamento de alimentos, processamento e uso industrial, garantindo controle preciso de temperatura e efici\u00eancia energ\u00e9tica.<\/p>\t\t\t\t\t\t\t\t<\/div>\n\t\t\t\t<\/div>\n\t\t\t\t<div class=\"elementor-element elementor-element-6e50687 elementor-widget elementor-widget-image\" data-id=\"6e50687\" data-element_type=\"widget\" data-e-type=\"widget\" data-widget_type=\"image.default\">\n\t\t\t\t<div class=\"elementor-widget-container\">\n\t\t\t\t\t\t\t\t\t\t\t\t\t\t\t<img decoding=\"async\" width=\"1650\" height=\"862\" src=\"https:\/\/utcangola.com\/wp-content\/uploads\/2025\/12\/utc-company-profile-28.jpg\" class=\"attachment-full size-full wp-image-546\" alt=\"\" srcset=\"https:\/\/utcangola.com\/wp-content\/uploads\/2025\/12\/utc-company-profile-28.jpg 1650w, https:\/\/utcangola.com\/wp-content\/uploads\/2025\/12\/utc-company-profile-28-1536x802.jpg 1536w, https:\/\/utcangola.com\/wp-content\/uploads\/2025\/12\/utc-company-profile-28-18x9.jpg 18w, https:\/\/utcangola.com\/wp-content\/uploads\/2025\/12\/utc-company-profile-28-200x104.jpg 200w\" sizes=\"(max-width: 1650px) 100vw, 1650px\" \/>\t\t\t\t\t\t\t\t\t\t\t\t\t\t\t<\/div>\n\t\t\t\t<\/div>\n\t\t\t\t<\/div>\n\t\t\t\t\t<\/div>\n\t\t\t\t<\/div>\n\t\t\t\t<\/div>","protected":false},"excerpt":{"rendered":"<p>Industrial &amp; Machinery Solutions Startup Machinery Supply We supply modern, reliable machinery for new factories and production facilities. Our services include equipment selection support, sourcing from trusted manufacturers, and coordination of delivery and commissioning. Industrial Kitchen Machinery Supply UTC Angola provides complete industrial kitchen equipment solutions for restaurants, bakeries, hospitals, schools, and institutional facilities, ensuring [&hellip;]<\/p>\n","protected":false},"author":1,"featured_media":0,"parent":0,"menu_order":0,"comment_status":"closed","ping_status":"closed","template":"templates\/page-builder-content.php","meta":{"footnotes":""},"class_list":["post-454","page","type-page","status-publish","hentry"],"_links":{"self":[{"href":"https:\/\/utcangola.com\/pt\/wp-json\/wp\/v2\/pages\/454","targetHints":{"allow":["GET"]}}],"collection":[{"href":"https:\/\/utcangola.com\/pt\/wp-json\/wp\/v2\/pages"}],"about":[{"href":"https:\/\/utcangola.com\/pt\/wp-json\/wp\/v2\/types\/page"}],"author":[{"embeddable":true,"href":"https:\/\/utcangola.com\/pt\/wp-json\/wp\/v2\/users\/1"}],"replies":[{"embeddable":true,"href":"https:\/\/utcangola.com\/pt\/wp-json\/wp\/v2\/comments?post=454"}],"version-history":[{"count":25,"href":"https:\/\/utcangola.com\/pt\/wp-json\/wp\/v2\/pages\/454\/revisions"}],"predecessor-version":[{"id":552,"href":"https:\/\/utcangola.com\/pt\/wp-json\/wp\/v2\/pages\/454\/revisions\/552"}],"wp:attachment":[{"href":"https:\/\/utcangola.com\/pt\/wp-json\/wp\/v2\/media?parent=454"}],"curies":[{"name":"wp","href":"https:\/\/api.w.org\/{rel}","templated":true}]}}