{"id":418,"date":"2025-12-22T19:37:25","date_gmt":"2025-12-22T19:37:25","guid":{"rendered":"https:\/\/utcangola.com\/?page_id=418"},"modified":"2025-12-23T08:46:30","modified_gmt":"2025-12-23T08:46:30","slug":"building-finishes-specialized-works","status":"publish","type":"page","link":"https:\/\/utcangola.com\/pt\/building-finishes-specialized-works\/","title":{"rendered":"Acabamentos de Constru\u00e7\u00e3o e Trabalhos Especializados"},"content":{"rendered":"<div data-elementor-type=\"wp-page\" data-elementor-id=\"418\" class=\"elementor elementor-418\">\n\t\t\t\t<div class=\"aux-parallax-section elementor-element elementor-element-0e1fab4 e-flex e-con-boxed e-con e-parent\" data-id=\"0e1fab4\" data-element_type=\"container\" data-e-type=\"container\">\n\t\t\t\t\t<div class=\"e-con-inner\">\n\t\t<div class=\"elementor-element elementor-element-90e603e e-con-full e-flex e-con e-child\" data-id=\"90e603e\" data-element_type=\"container\" data-e-type=\"container\">\n\t\t\t\t<div class=\"elementor-element elementor-element-64d4b86 elementor-widget elementor-widget-heading\" data-id=\"64d4b86\" data-element_type=\"widget\" data-e-type=\"widget\" data-widget_type=\"heading.default\">\n\t\t\t\t<div class=\"elementor-widget-container\">\n\t\t\t\t\t<h2 class=\"elementor-heading-title elementor-size-default\">Acabamentos de Constru\u00e7\u00e3o e Trabalhos Especializados<\/h2>\t\t\t\t<\/div>\n\t\t\t\t<\/div>\n\t\t\t\t<\/div>\n\t\t\t\t\t<\/div>\n\t\t\t\t<\/div>\n\t\t<div class=\"aux-parallax-section elementor-element elementor-element-b03a4fe e-flex e-con-boxed e-con e-parent\" data-id=\"b03a4fe\" data-element_type=\"container\" data-e-type=\"container\">\n\t\t\t\t\t<div class=\"e-con-inner\">\n\t\t<div class=\"elementor-element elementor-element-e298f95 e-con-full e-flex e-con e-child\" data-id=\"e298f95\" data-element_type=\"container\" data-e-type=\"container\">\n\t\t\t\t<div class=\"elementor-element elementor-element-1134b88 elementor-widget elementor-widget-heading\" data-id=\"1134b88\" data-element_type=\"widget\" data-e-type=\"widget\" data-widget_type=\"heading.default\">\n\t\t\t\t<div class=\"elementor-widget-container\">\n\t\t\t\t\t<h2 class=\"elementor-heading-title elementor-size-default\">Pisos, Paredes e Revestimentos<\/h2>\t\t\t\t<\/div>\n\t\t\t\t<\/div>\n\t\t\t\t<div class=\"elementor-element elementor-element-5db7bf5 elementor-widget elementor-widget-text-editor\" data-id=\"5db7bf5\" data-element_type=\"widget\" data-e-type=\"widget\" data-widget_type=\"text-editor.default\">\n\t\t\t\t<div class=\"elementor-widget-container\">\n\t\t\t\t\t\t\t\t\t<p data-start=\"95\" data-end=\"364\">Fornecemos e instalamos sistemas de pisos de alto desempenho, acabamentos de paredes e solu\u00e7\u00f5es de revestimento adequadas para aplica\u00e7\u00f5es residenciais, comerciais e industriais, garantindo durabilidade, seguran\u00e7a e apelo est\u00e9tico.<\/p>\t\t\t\t\t\t\t\t<\/div>\n\t\t\t\t<\/div>\n\t\t\t\t<div class=\"elementor-element elementor-element-8707acb elementor-widget elementor-widget-image\" data-id=\"8707acb\" data-element_type=\"widget\" data-e-type=\"widget\" data-widget_type=\"image.default\">\n\t\t\t\t<div class=\"elementor-widget-container\">\n\t\t\t\t\t\t\t\t\t\t\t\t\t\t\t<img fetchpriority=\"high\" decoding=\"async\" width=\"1650\" height=\"752\" src=\"https:\/\/utcangola.com\/wp-content\/uploads\/2025\/12\/utc-company-profile-14-1.jpg\" class=\"attachment-full size-full wp-image-422\" alt=\"\" srcset=\"https:\/\/utcangola.com\/wp-content\/uploads\/2025\/12\/utc-company-profile-14-1.jpg 1650w, https:\/\/utcangola.com\/wp-content\/uploads\/2025\/12\/utc-company-profile-14-1-1536x700.jpg 1536w, https:\/\/utcangola.com\/wp-content\/uploads\/2025\/12\/utc-company-profile-14-1-200x91.jpg 200w\" sizes=\"(max-width: 1650px) 100vw, 1650px\" \/>\t\t\t\t\t\t\t\t\t\t\t\t\t\t\t<\/div>\n\t\t\t\t<\/div>\n\t\t\t\t<div class=\"elementor-element elementor-element-1d36b34 elementor-widget-divider--view-line elementor-widget elementor-widget-divider\" data-id=\"1d36b34\" data-element_type=\"widget\" data-e-type=\"widget\" data-widget_type=\"divider.default\">\n\t\t\t\t<div class=\"elementor-widget-container\">\n\t\t\t\t\t\t\t<div class=\"elementor-divider\">\n\t\t\t<span class=\"elementor-divider-separator\">\n\t\t\t\t\t\t<\/span>\n\t\t<\/div>\n\t\t\t\t\t\t<\/div>\n\t\t\t\t<\/div>\n\t\t\t\t<\/div>\n\t\t\t\t\t<\/div>\n\t\t\t\t<\/div>\n\t\t<div class=\"aux-parallax-section elementor-element elementor-element-7585fc4 e-flex e-con-boxed e-con e-parent\" data-id=\"7585fc4\" data-element_type=\"container\" data-e-type=\"container\">\n\t\t\t\t\t<div class=\"e-con-inner\">\n\t\t<div class=\"elementor-element elementor-element-9f81fb7 e-con-full e-flex e-con e-child\" data-id=\"9f81fb7\" data-element_type=\"container\" data-e-type=\"container\">\n\t\t\t\t<div class=\"elementor-element elementor-element-69aef10 elementor-widget elementor-widget-heading\" data-id=\"69aef10\" data-element_type=\"widget\" data-e-type=\"widget\" data-widget_type=\"heading.default\">\n\t\t\t\t<div class=\"elementor-widget-container\">\n\t\t\t\t\t<h2 class=\"elementor-heading-title elementor-size-default\">Tetos e Divis\u00f3rias<\/h2>\t\t\t\t<\/div>\n\t\t\t\t<\/div>\n\t\t\t\t<div class=\"elementor-element elementor-element-05e70be elementor-widget elementor-widget-text-editor\" data-id=\"05e70be\" data-element_type=\"widget\" data-e-type=\"widget\" data-widget_type=\"text-editor.default\">\n\t\t\t\t<div class=\"elementor-widget-container\">\n\t\t\t\t\t\t\t\t\t<p data-start=\"95\" data-end=\"364\">Nossos sistemas de tetos e divis\u00f3rias melhoram a utiliza\u00e7\u00e3o do espa\u00e7o, a ac\u00fastica e a est\u00e9tica interna, oferecendo solu\u00e7\u00f5es flex\u00edveis para escrit\u00f3rios, instala\u00e7\u00f5es comerciais e ambientes industriais.<\/p>\t\t\t\t\t\t\t\t<\/div>\n\t\t\t\t<\/div>\n\t\t\t\t<div class=\"elementor-element elementor-element-d9e0e56 elementor-widget elementor-widget-image\" data-id=\"d9e0e56\" data-element_type=\"widget\" data-e-type=\"widget\" data-widget_type=\"image.default\">\n\t\t\t\t<div class=\"elementor-widget-container\">\n\t\t\t\t\t\t\t\t\t\t\t\t\t\t\t<img decoding=\"async\" width=\"1650\" height=\"790\" src=\"https:\/\/utcangola.com\/wp-content\/uploads\/2025\/12\/utc-company-profile-15.jpg\" class=\"attachment-full size-full wp-image-423\" alt=\"\" srcset=\"https:\/\/utcangola.com\/wp-content\/uploads\/2025\/12\/utc-company-profile-15.jpg 1650w, https:\/\/utcangola.com\/wp-content\/uploads\/2025\/12\/utc-company-profile-15-1536x735.jpg 1536w, https:\/\/utcangola.com\/wp-content\/uploads\/2025\/12\/utc-company-profile-15-200x96.jpg 200w\" sizes=\"(max-width: 1650px) 100vw, 1650px\" \/>\t\t\t\t\t\t\t\t\t\t\t\t\t\t\t<\/div>\n\t\t\t\t<\/div>\n\t\t\t\t<div class=\"elementor-element elementor-element-bce9bdd elementor-widget-divider--view-line elementor-widget elementor-widget-divider\" data-id=\"bce9bdd\" data-element_type=\"widget\" data-e-type=\"widget\" data-widget_type=\"divider.default\">\n\t\t\t\t<div class=\"elementor-widget-container\">\n\t\t\t\t\t\t\t<div class=\"elementor-divider\">\n\t\t\t<span class=\"elementor-divider-separator\">\n\t\t\t\t\t\t<\/span>\n\t\t<\/div>\n\t\t\t\t\t\t<\/div>\n\t\t\t\t<\/div>\n\t\t\t\t<\/div>\n\t\t\t\t\t<\/div>\n\t\t\t\t<\/div>\n\t\t<div class=\"aux-parallax-section elementor-element elementor-element-ed660a8 e-flex e-con-boxed e-con e-parent\" data-id=\"ed660a8\" data-element_type=\"container\" data-e-type=\"container\">\n\t\t\t\t\t<div class=\"e-con-inner\">\n\t\t<div class=\"elementor-element elementor-element-813edda e-con-full e-flex e-con e-child\" data-id=\"813edda\" data-element_type=\"container\" data-e-type=\"container\">\n\t\t\t\t<div class=\"elementor-element elementor-element-d3c9e37 elementor-widget elementor-widget-heading\" data-id=\"d3c9e37\" data-element_type=\"widget\" data-e-type=\"widget\" data-widget_type=\"heading.default\">\n\t\t\t\t<div class=\"elementor-widget-container\">\n\t\t\t\t\t<h2 class=\"elementor-heading-title elementor-size-default\">Trabalhos em Madeira<\/h2>\t\t\t\t<\/div>\n\t\t\t\t<\/div>\n\t\t\t\t<div class=\"elementor-element elementor-element-6207166 elementor-widget elementor-widget-text-editor\" data-id=\"6207166\" data-element_type=\"widget\" data-e-type=\"widget\" data-widget_type=\"text-editor.default\">\n\t\t\t\t<div class=\"elementor-widget-container\">\n\t\t\t\t\t\t\t\t\t<p data-start=\"95\" data-end=\"364\">Oferecemos servi\u00e7os personalizados de marcenaria e trabalhos em madeira, incluindo portas, arm\u00e1rios, pain\u00e9is decorativos e elementos internos sob medida, realizados com acabamento preciso e artesanal.<\/p>\t\t\t\t\t\t\t\t<\/div>\n\t\t\t\t<\/div>\n\t\t\t\t<div class=\"elementor-element elementor-element-11f9471 elementor-hidden-desktop elementor-widget-divider--view-line elementor-widget elementor-widget-divider\" data-id=\"11f9471\" data-element_type=\"widget\" data-e-type=\"widget\" data-widget_type=\"divider.default\">\n\t\t\t\t<div class=\"elementor-widget-container\">\n\t\t\t\t\t\t\t<div class=\"elementor-divider\">\n\t\t\t<span class=\"elementor-divider-separator\">\n\t\t\t\t\t\t<\/span>\n\t\t<\/div>\n\t\t\t\t\t\t<\/div>\n\t\t\t\t<\/div>\n\t\t\t\t<\/div>\n\t\t<div class=\"elementor-element elementor-element-1e42494 e-con-full e-flex e-con e-child\" data-id=\"1e42494\" data-element_type=\"container\" data-e-type=\"container\">\n\t\t\t\t<div class=\"elementor-element elementor-element-5058b87 elementor-widget elementor-widget-image\" data-id=\"5058b87\" data-element_type=\"widget\" data-e-type=\"widget\" data-widget_type=\"image.default\">\n\t\t\t\t<div class=\"elementor-widget-container\">\n\t\t\t\t\t\t\t\t\t\t\t\t\t\t\t<img decoding=\"async\" width=\"670\" height=\"800\" src=\"https:\/\/utcangola.com\/wp-content\/uploads\/2025\/12\/aaaa.jpg\" class=\"attachment-full size-full wp-image-438\" alt=\"\" srcset=\"https:\/\/utcangola.com\/wp-content\/uploads\/2025\/12\/aaaa.jpg 670w, https:\/\/utcangola.com\/wp-content\/uploads\/2025\/12\/aaaa-200x239.jpg 200w\" sizes=\"(max-width: 670px) 100vw, 670px\" \/>\t\t\t\t\t\t\t\t\t\t\t\t\t\t\t<\/div>\n\t\t\t\t<\/div>\n\t\t\t\t<\/div>\n\t\t\t\t\t<\/div>\n\t\t\t\t<\/div>\n\t\t<div class=\"aux-parallax-section elementor-element elementor-element-05a8c18 elementor-hidden-mobile e-flex e-con-boxed e-con e-parent\" data-id=\"05a8c18\" data-element_type=\"container\" data-e-type=\"container\">\n\t\t\t\t\t<div class=\"e-con-inner\">\n\t\t\t\t<div class=\"elementor-element elementor-element-501bbb0 elementor-widget-divider--view-line elementor-widget elementor-widget-divider\" data-id=\"501bbb0\" data-element_type=\"widget\" data-e-type=\"widget\" data-widget_type=\"divider.default\">\n\t\t\t\t<div class=\"elementor-widget-container\">\n\t\t\t\t\t\t\t<div class=\"elementor-divider\">\n\t\t\t<span class=\"elementor-divider-separator\">\n\t\t\t\t\t\t<\/span>\n\t\t<\/div>\n\t\t\t\t\t\t<\/div>\n\t\t\t\t<\/div>\n\t\t\t\t\t<\/div>\n\t\t\t\t<\/div>\n\t\t<div class=\"aux-parallax-section elementor-element elementor-element-1b9dd8f e-flex e-con-boxed e-con e-parent\" data-id=\"1b9dd8f\" data-element_type=\"container\" data-e-type=\"container\">\n\t\t\t\t\t<div class=\"e-con-inner\">\n\t\t<div class=\"elementor-element elementor-element-4ed8cb3 e-con-full e-flex e-con e-child\" data-id=\"4ed8cb3\" data-element_type=\"container\" data-e-type=\"container\">\n\t\t\t\t<div class=\"elementor-element elementor-element-2b0ea0f elementor-widget elementor-widget-heading\" data-id=\"2b0ea0f\" data-element_type=\"widget\" data-e-type=\"widget\" data-widget_type=\"heading.default\">\n\t\t\t\t<div class=\"elementor-widget-container\">\n\t\t\t\t\t<h2 class=\"elementor-heading-title elementor-size-default\">Pinturas e Revestimentos<\/h2>\t\t\t\t<\/div>\n\t\t\t\t<\/div>\n\t\t\t\t<div class=\"elementor-element elementor-element-e669ad0 elementor-widget elementor-widget-text-editor\" data-id=\"e669ad0\" data-element_type=\"widget\" data-e-type=\"widget\" data-widget_type=\"text-editor.default\">\n\t\t\t\t<div class=\"elementor-widget-container\">\n\t\t\t\t\t\t\t\t\t<p data-start=\"95\" data-end=\"364\">A UTC Angola fornece e aplica tintas premium e revestimentos protetores para superf\u00edcies internas e externas, garantindo prote\u00e7\u00e3o duradoura contra intemp\u00e9ries, corros\u00e3o e desgaste.<\/p>\t\t\t\t\t\t\t\t<\/div>\n\t\t\t\t<\/div>\n\t\t\t\t<div class=\"elementor-element elementor-element-4d6bef0 elementor-hidden-desktop elementor-widget-divider--view-line elementor-widget elementor-widget-divider\" data-id=\"4d6bef0\" data-element_type=\"widget\" data-e-type=\"widget\" data-widget_type=\"divider.default\">\n\t\t\t\t<div class=\"elementor-widget-container\">\n\t\t\t\t\t\t\t<div class=\"elementor-divider\">\n\t\t\t<span class=\"elementor-divider-separator\">\n\t\t\t\t\t\t<\/span>\n\t\t<\/div>\n\t\t\t\t\t\t<\/div>\n\t\t\t\t<\/div>\n\t\t\t\t<\/div>\n\t\t<div class=\"elementor-element elementor-element-1fabff6 e-con-full e-flex e-con e-child\" data-id=\"1fabff6\" data-element_type=\"container\" data-e-type=\"container\">\n\t\t\t\t<div class=\"elementor-element elementor-element-b24269c elementor-widget elementor-widget-image\" data-id=\"b24269c\" data-element_type=\"widget\" data-e-type=\"widget\" data-widget_type=\"image.default\">\n\t\t\t\t<div class=\"elementor-widget-container\">\n\t\t\t\t\t\t\t\t\t\t\t\t\t\t\t<img loading=\"lazy\" decoding=\"async\" width=\"1280\" height=\"1017\" src=\"https:\/\/utcangola.com\/wp-content\/uploads\/2025\/12\/utc-company-profile-17.jpg\" class=\"attachment-full size-full wp-image-442\" alt=\"\" srcset=\"https:\/\/utcangola.com\/wp-content\/uploads\/2025\/12\/utc-company-profile-17.jpg 1280w, https:\/\/utcangola.com\/wp-content\/uploads\/2025\/12\/utc-company-profile-17-200x159.jpg 200w\" sizes=\"(max-width: 1280px) 100vw, 1280px\" \/>\t\t\t\t\t\t\t\t\t\t\t\t\t\t\t<\/div>\n\t\t\t\t<\/div>\n\t\t\t\t<\/div>\n\t\t\t\t\t<\/div>\n\t\t\t\t<\/div>\n\t\t<div class=\"aux-parallax-section elementor-element elementor-element-1890a12 elementor-hidden-mobile e-flex e-con-boxed e-con e-parent\" data-id=\"1890a12\" data-element_type=\"container\" data-e-type=\"container\">\n\t\t\t\t\t<div class=\"e-con-inner\">\n\t\t\t\t<div class=\"elementor-element elementor-element-b52ee22 elementor-widget-divider--view-line elementor-widget elementor-widget-divider\" data-id=\"b52ee22\" data-element_type=\"widget\" data-e-type=\"widget\" data-widget_type=\"divider.default\">\n\t\t\t\t<div class=\"elementor-widget-container\">\n\t\t\t\t\t\t\t<div class=\"elementor-divider\">\n\t\t\t<span class=\"elementor-divider-separator\">\n\t\t\t\t\t\t<\/span>\n\t\t<\/div>\n\t\t\t\t\t\t<\/div>\n\t\t\t\t<\/div>\n\t\t\t\t\t<\/div>\n\t\t\t\t<\/div>\n\t\t<div class=\"aux-parallax-section elementor-element elementor-element-721aada e-flex e-con-boxed e-con e-parent\" data-id=\"721aada\" data-element_type=\"container\" data-e-type=\"container\">\n\t\t\t\t\t<div class=\"e-con-inner\">\n\t\t<div class=\"elementor-element elementor-element-580c6a0 e-con-full e-flex e-con e-child\" data-id=\"580c6a0\" data-element_type=\"container\" data-e-type=\"container\">\n\t\t\t\t<div class=\"elementor-element elementor-element-747f64b elementor-widget elementor-widget-heading\" data-id=\"747f64b\" data-element_type=\"widget\" data-e-type=\"widget\" data-widget_type=\"heading.default\">\n\t\t\t\t<div class=\"elementor-widget-container\">\n\t\t\t\t\t<h2 class=\"elementor-heading-title elementor-size-default\">Solu\u00e7\u00f5es de Impermeabiliza\u00e7\u00e3o<\/h2>\t\t\t\t<\/div>\n\t\t\t\t<\/div>\n\t\t\t\t<div class=\"elementor-element elementor-element-da2e6de elementor-widget elementor-widget-text-editor\" data-id=\"da2e6de\" data-element_type=\"widget\" data-e-type=\"widget\" data-widget_type=\"text-editor.default\">\n\t\t\t\t<div class=\"elementor-widget-container\">\n\t\t\t\t\t\t\t\t\t<p data-start=\"95\" data-end=\"364\">Sistemas avan\u00e7ados de impermeabiliza\u00e7\u00e3o s\u00e3o aplicados em funda\u00e7\u00f5es, telhados, por\u00f5es e \u00e1reas \u00famidas para garantir prote\u00e7\u00e3o.<br \/>estruturas contra a penetra\u00e7\u00e3o de umidade e danos a longo prazo.<\/p>\t\t\t\t\t\t\t\t<\/div>\n\t\t\t\t<\/div>\n\t\t\t\t<div class=\"elementor-element elementor-element-2348431 elementor-widget elementor-widget-image\" data-id=\"2348431\" data-element_type=\"widget\" data-e-type=\"widget\" data-widget_type=\"image.default\">\n\t\t\t\t<div class=\"elementor-widget-container\">\n\t\t\t\t\t\t\t\t\t\t\t\t\t\t\t<img loading=\"lazy\" decoding=\"async\" width=\"1650\" height=\"590\" src=\"https:\/\/utcangola.com\/wp-content\/uploads\/2025\/12\/utc-company-profile-19.jpg\" class=\"attachment-full size-full wp-image-447\" alt=\"\" srcset=\"https:\/\/utcangola.com\/wp-content\/uploads\/2025\/12\/utc-company-profile-19.jpg 1650w, https:\/\/utcangola.com\/wp-content\/uploads\/2025\/12\/utc-company-profile-19-1536x549.jpg 1536w, https:\/\/utcangola.com\/wp-content\/uploads\/2025\/12\/utc-company-profile-19-200x72.jpg 200w\" sizes=\"(max-width: 1650px) 100vw, 1650px\" \/>\t\t\t\t\t\t\t\t\t\t\t\t\t\t\t<\/div>\n\t\t\t\t<\/div>\n\t\t\t\t<\/div>\n\t\t\t\t\t<\/div>\n\t\t\t\t<\/div>\n\t\t\t\t<\/div>","protected":false},"excerpt":{"rendered":"<p>Building Finishes &amp; Specialized Works Flooring, Walls, and Claddings We supply and install high-performance \ufb02ooring systems, wall \ufb01nishes, and cladding solutions suitable for residential, commercial, and industrial applications, ensuring durability, safety, and visual appeal. Ceilings and Partitions Our ceiling and partition systems improve space utilization, acoustics, and interior aesthetics, offering \ufb02exible solutions for of\ufb01ces, commercial [&hellip;]<\/p>\n","protected":false},"author":1,"featured_media":0,"parent":0,"menu_order":0,"comment_status":"closed","ping_status":"closed","template":"templates\/page-builder-content.php","meta":{"footnotes":""},"class_list":["post-418","page","type-page","status-publish","hentry"],"_links":{"self":[{"href":"https:\/\/utcangola.com\/pt\/wp-json\/wp\/v2\/pages\/418","targetHints":{"allow":["GET"]}}],"collection":[{"href":"https:\/\/utcangola.com\/pt\/wp-json\/wp\/v2\/pages"}],"about":[{"href":"https:\/\/utcangola.com\/pt\/wp-json\/wp\/v2\/types\/page"}],"author":[{"embeddable":true,"href":"https:\/\/utcangola.com\/pt\/wp-json\/wp\/v2\/users\/1"}],"replies":[{"embeddable":true,"href":"https:\/\/utcangola.com\/pt\/wp-json\/wp\/v2\/comments?post=418"}],"version-history":[{"count":31,"href":"https:\/\/utcangola.com\/pt\/wp-json\/wp\/v2\/pages\/418\/revisions"}],"predecessor-version":[{"id":511,"href":"https:\/\/utcangola.com\/pt\/wp-json\/wp\/v2\/pages\/418\/revisions\/511"}],"wp:attachment":[{"href":"https:\/\/utcangola.com\/pt\/wp-json\/wp\/v2\/media?parent=418"}],"curies":[{"name":"wp","href":"https:\/\/api.w.org\/{rel}","templated":true}]}}